{"id":32665,"date":"2022-02-11T13:10:11","date_gmt":"2022-02-11T12:10:11","guid":{"rendered":"https:\/\/simacsa.ch\/?page_id=32665"},"modified":"2022-03-25T13:10:22","modified_gmt":"2022-03-25T12:10:22","slug":"service","status":"publish","type":"page","link":"https:\/\/simacsa.ch\/de\/service\/","title":{"rendered":"Bedienung"},"content":{"rendered":"<div id=\"apresvente\" class=\"vc_row wpb_row vc_row-fluid vc_custom_1648206756332 thegem-custom-69e1980f1f00b4042 vc_row-o-equal-height vc_row-o-content-middle vc_row-flex\"><div class=\"wpb_column vc_column_container vc_col-sm-12 thegem-custom-69e1980f1f40c5718\"><div class=\"vc_column-inner thegem-custom-inner-69e1980f1f40e\"><div class=\"wpb_wrapper\"><h4 style=\"color: #db2323;text-align: left\" class=\"vc_custom_heading\" >Unsere <b>Kundendienst<\/b><\/h4>\r\n\t\r\n\t\t<div class=\"wpb_text_column wpb_content_element  vc_custom_1648201285297\" >\r\n\t\t\t<div class=\"wpb_wrapper\">\r\n\t\t\t\t<p style=\"font-size: 20px; line-height: 35px;\">Der Kundendienst ist eines der Hauptmerkmale von SIMAC, mit hochqualifiziertem und geschultem Personal f\u00fcr alle Produkte, die SIMAC anbietet. Ein immer vorr\u00e4tiges Ersatzteillager mit maximaler Verf\u00fcgbarkeit, um seine Kunden und deren Baustellen zu unterst\u00fctzen.<\/p>\n\r\n\t\t\t<\/div>\r\n\t\t<\/div>\r\n\t\r\n<\/div><\/div><\/div><\/div><div id=\"vc_row-69e1980f1fec1\" class=\"vc_row wpb_row vc_row-fluid vc_custom_1639404398674 thegem-custom-69e1980f1feb63661 vc_row-o-equal-height vc_row-o-content-middle vc_row-flex\"><div class=\"wpb_column vc_column_container vc_col-sm-3 thegem-custom-69e1980f20039437\"><div class=\"vc_column-inner thegem-custom-inner-69e1980f2003a\"><div class=\"wpb_wrapper\">\r\n\t\r\n\t<div  class=\"wpb_single_image wpb_content_element vc_align_left\" >\r\n\t\t\r\n\t\t<figure class=\"wpb_wrapper vc_figure\">\r\n\t\t\t<div class=\"vc_single_image-wrapper   vc_box_border_grey\"><img width=\"1200\" height=\"1600\" src=\"https:\/\/simacsa.ch\/wp-content\/uploads\/2022\/02\/1.jpg\" class=\"vc_single_image-img attachment-full\" alt=\"\" srcset=\"https:\/\/simacsa.ch\/wp-content\/uploads\/2022\/02\/1.jpg 1200w, https:\/\/simacsa.ch\/wp-content\/uploads\/2022\/02\/1-225x300.jpg 225w, https:\/\/simacsa.ch\/wp-content\/uploads\/2022\/02\/1-768x1024.jpg 768w, https:\/\/simacsa.ch\/wp-content\/uploads\/2022\/02\/1-1152x1536.jpg 1152w, https:\/\/simacsa.ch\/wp-content\/uploads\/2022\/02\/1-640x853.jpg 640w\" sizes=\"(max-width: 1200px) 100vw, 1200px\" \/><\/div>\r\n\t\t<\/figure>\r\n\t<\/div>\r\n\t\r\n<\/div><\/div><\/div><div class=\"wpb_column vc_column_container vc_col-sm-3 thegem-custom-69e1980f20baa5853\"><div class=\"vc_column-inner thegem-custom-inner-69e1980f20bac\"><div class=\"wpb_wrapper\">\r\n\t\r\n\t<div  class=\"wpb_single_image wpb_content_element vc_align_left\" >\r\n\t\t\r\n\t\t<figure class=\"wpb_wrapper vc_figure\">\r\n\t\t\t<div class=\"vc_single_image-wrapper   vc_box_border_grey\"><img width=\"366\" height=\"488\" src=\"https:\/\/simacsa.ch\/wp-content\/uploads\/2022\/02\/3.jpg\" class=\"vc_single_image-img attachment-full\" alt=\"\" srcset=\"https:\/\/simacsa.ch\/wp-content\/uploads\/2022\/02\/3.jpg 366w, https:\/\/simacsa.ch\/wp-content\/uploads\/2022\/02\/3-225x300.jpg 225w\" sizes=\"(max-width: 366px) 100vw, 366px\" \/><\/div>\r\n\t\t<\/figure>\r\n\t<\/div>\r\n\t\r\n<\/div><\/div><\/div><div class=\"wpb_column vc_column_container vc_col-sm-3 thegem-custom-69e1980f210285491\"><div class=\"vc_column-inner thegem-custom-inner-69e1980f21029\"><div class=\"wpb_wrapper\">\r\n\t\r\n\t<div  class=\"wpb_single_image wpb_content_element vc_align_left\" >\r\n\t\t\r\n\t\t<figure class=\"wpb_wrapper vc_figure\">\r\n\t\t\t<div class=\"vc_single_image-wrapper   vc_box_border_grey\"><img width=\"480\" height=\"640\" src=\"https:\/\/simacsa.ch\/wp-content\/uploads\/2022\/02\/4.jpg\" class=\"vc_single_image-img attachment-full\" alt=\"\" srcset=\"https:\/\/simacsa.ch\/wp-content\/uploads\/2022\/02\/4.jpg 480w, https:\/\/simacsa.ch\/wp-content\/uploads\/2022\/02\/4-225x300.jpg 225w\" sizes=\"(max-width: 480px) 100vw, 480px\" \/><\/div>\r\n\t\t<\/figure>\r\n\t<\/div>\r\n\t\r\n<\/div><\/div><\/div><div class=\"wpb_column vc_column_container vc_col-sm-3 thegem-custom-69e1980f2143f6515\"><div class=\"vc_column-inner thegem-custom-inner-69e1980f21441\"><div class=\"wpb_wrapper\">\r\n\t\r\n\t<div  class=\"wpb_single_image wpb_content_element vc_align_left\" >\r\n\t\t\r\n\t\t<figure class=\"wpb_wrapper vc_figure\">\r\n\t\t\t<div class=\"vc_single_image-wrapper   vc_box_border_grey\"><img width=\"1200\" height=\"1600\" src=\"https:\/\/simacsa.ch\/wp-content\/uploads\/2022\/03\/simac_225.jpg\" class=\"vc_single_image-img attachment-full\" alt=\"\" srcset=\"https:\/\/simacsa.ch\/wp-content\/uploads\/2022\/03\/simac_225.jpg 1200w, https:\/\/simacsa.ch\/wp-content\/uploads\/2022\/03\/simac_225-225x300.jpg 225w, https:\/\/simacsa.ch\/wp-content\/uploads\/2022\/03\/simac_225-768x1024.jpg 768w, https:\/\/simacsa.ch\/wp-content\/uploads\/2022\/03\/simac_225-1152x1536.jpg 1152w, https:\/\/simacsa.ch\/wp-content\/uploads\/2022\/03\/simac_225-9x12.jpg 9w, https:\/\/simacsa.ch\/wp-content\/uploads\/2022\/03\/simac_225-640x853.jpg 640w\" sizes=\"(max-width: 1200px) 100vw, 1200px\" \/><\/div>\r\n\t\t<\/figure>\r\n\t<\/div>\r\n\t\r\n<\/div><\/div><\/div><\/div><div id=\"servicelocation\" class=\"vc_row wpb_row vc_row-fluid vc_custom_1648206985292 thegem-custom-69e1980f21a2e7707 vc_row-o-equal-height vc_row-o-content-middle vc_row-flex\"><div class=\"wpb_column vc_column_container vc_col-sm-12 thegem-custom-69e1980f21b555671\"><div class=\"vc_column-inner thegem-custom-inner-69e1980f21b56\"><div class=\"wpb_wrapper\"><h4 style=\"color: #db2323;text-align: left\" class=\"vc_custom_heading\" >Unsere <b>Verleih<\/b><\/h4>\r\n\t\r\n\t\t<div class=\"wpb_text_column wpb_content_element  vc_custom_1648201526954\" >\r\n\t\t\t<div class=\"wpb_wrapper\">\r\n\t\t\t\t<p style=\"font-size: 20px; line-height: 35px;\">SIMAC verf\u00fcgt \u00fcber einen Maschinenpark f\u00fcr die Vermietung von: SIPE-Betonmischanlagen, Baukr\u00e4nen, Schalungssystemen.<\/p>\n\r\n\t\t\t<\/div>\r\n\t\t<\/div>\r\n\t\r\n<\/div><\/div><\/div><\/div><div id=\"vc_row-69e1980f21eb4\" class=\"vc_row wpb_row vc_row-fluid vc_custom_1648209968885 thegem-custom-69e1980f21eaa2220 vc_row-o-equal-height vc_row-o-content-middle vc_row-flex\"><div class=\"wpb_column vc_column_container vc_col-sm-4 thegem-custom-69e1980f21fc12741\"><div class=\"vc_column-inner thegem-custom-inner-69e1980f21fc2\"><div class=\"wpb_wrapper\">\r\n\t\r\n\t<div  class=\"wpb_single_image wpb_content_element vc_align_left\" >\r\n\t\t\r\n\t\t<figure class=\"wpb_wrapper vc_figure\">\r\n\t\t\t<div class=\"vc_single_image-wrapper   vc_box_border_grey\"><img width=\"1200\" height=\"1200\" src=\"https:\/\/simacsa.ch\/wp-content\/uploads\/2022\/03\/simac_223.jpg\" class=\"vc_single_image-img attachment-full\" alt=\"\" srcset=\"https:\/\/simacsa.ch\/wp-content\/uploads\/2022\/03\/simac_223.jpg 1200w, https:\/\/simacsa.ch\/wp-content\/uploads\/2022\/03\/simac_223-300x300.jpg 300w, https:\/\/simacsa.ch\/wp-content\/uploads\/2022\/03\/simac_223-1024x1024.jpg 1024w, https:\/\/simacsa.ch\/wp-content\/uploads\/2022\/03\/simac_223-150x150.jpg 150w, https:\/\/simacsa.ch\/wp-content\/uploads\/2022\/03\/simac_223-768x768.jpg 768w, https:\/\/simacsa.ch\/wp-content\/uploads\/2022\/03\/simac_223-12x12.jpg 12w, https:\/\/simacsa.ch\/wp-content\/uploads\/2022\/03\/simac_223-256x256.jpg 256w, https:\/\/simacsa.ch\/wp-content\/uploads\/2022\/03\/simac_223-640x640.jpg 640w\" sizes=\"(max-width: 1200px) 100vw, 1200px\" \/><\/div>\r\n\t\t<\/figure>\r\n\t<\/div>\r\n\t\r\n<\/div><\/div><\/div><div class=\"wpb_column vc_column_container vc_col-sm-4 thegem-custom-69e1980f225455803\"><div class=\"vc_column-inner thegem-custom-inner-69e1980f22547\"><div class=\"wpb_wrapper\">\r\n\t\r\n\t<div  class=\"wpb_single_image wpb_content_element vc_align_left\" >\r\n\t\t\r\n\t\t<figure class=\"wpb_wrapper vc_figure\">\r\n\t\t\t<div class=\"vc_single_image-wrapper   vc_box_border_grey\"><img width=\"1200\" height=\"1200\" src=\"https:\/\/simacsa.ch\/wp-content\/uploads\/2022\/03\/simac_222.jpg\" class=\"vc_single_image-img attachment-full\" alt=\"\" srcset=\"https:\/\/simacsa.ch\/wp-content\/uploads\/2022\/03\/simac_222.jpg 1200w, https:\/\/simacsa.ch\/wp-content\/uploads\/2022\/03\/simac_222-300x300.jpg 300w, https:\/\/simacsa.ch\/wp-content\/uploads\/2022\/03\/simac_222-1024x1024.jpg 1024w, https:\/\/simacsa.ch\/wp-content\/uploads\/2022\/03\/simac_222-150x150.jpg 150w, https:\/\/simacsa.ch\/wp-content\/uploads\/2022\/03\/simac_222-768x768.jpg 768w, https:\/\/simacsa.ch\/wp-content\/uploads\/2022\/03\/simac_222-12x12.jpg 12w, https:\/\/simacsa.ch\/wp-content\/uploads\/2022\/03\/simac_222-256x256.jpg 256w, https:\/\/simacsa.ch\/wp-content\/uploads\/2022\/03\/simac_222-640x640.jpg 640w\" sizes=\"(max-width: 1200px) 100vw, 1200px\" \/><\/div>\r\n\t\t<\/figure>\r\n\t<\/div>\r\n\t\r\n<\/div><\/div><\/div><div class=\"wpb_column vc_column_container vc_col-sm-4 thegem-custom-69e1980f229ad1581\"><div class=\"vc_column-inner thegem-custom-inner-69e1980f229af\"><div class=\"wpb_wrapper\">\r\n\t\r\n\t<div  class=\"wpb_single_image wpb_content_element vc_align_left\" >\r\n\t\t\r\n\t\t<figure class=\"wpb_wrapper vc_figure\">\r\n\t\t\t<div class=\"vc_single_image-wrapper   vc_box_border_grey\"><img width=\"1200\" height=\"1200\" src=\"https:\/\/simacsa.ch\/wp-content\/uploads\/2022\/03\/simac_224.jpg\" class=\"vc_single_image-img attachment-full\" alt=\"\" srcset=\"https:\/\/simacsa.ch\/wp-content\/uploads\/2022\/03\/simac_224.jpg 1200w, https:\/\/simacsa.ch\/wp-content\/uploads\/2022\/03\/simac_224-300x300.jpg 300w, https:\/\/simacsa.ch\/wp-content\/uploads\/2022\/03\/simac_224-1024x1024.jpg 1024w, https:\/\/simacsa.ch\/wp-content\/uploads\/2022\/03\/simac_224-150x150.jpg 150w, https:\/\/simacsa.ch\/wp-content\/uploads\/2022\/03\/simac_224-768x768.jpg 768w, https:\/\/simacsa.ch\/wp-content\/uploads\/2022\/03\/simac_224-12x12.jpg 12w, https:\/\/simacsa.ch\/wp-content\/uploads\/2022\/03\/simac_224-256x256.jpg 256w, https:\/\/simacsa.ch\/wp-content\/uploads\/2022\/03\/simac_224-640x640.jpg 640w\" sizes=\"(max-width: 1200px) 100vw, 1200px\" \/><\/div>\r\n\t\t<\/figure>\r\n\t<\/div>\r\n\t\r\n<\/div><\/div><\/div><\/div>","protected":false},"excerpt":{"rendered":"","protected":false},"author":1,"featured_media":0,"parent":0,"menu_order":0,"comment_status":"closed","ping_status":"closed","template":"","meta":[],"_links":{"self":[{"href":"https:\/\/simacsa.ch\/de\/wp-json\/wp\/v2\/pages\/32665"}],"collection":[{"href":"https:\/\/simacsa.ch\/de\/wp-json\/wp\/v2\/pages"}],"about":[{"href":"https:\/\/simacsa.ch\/de\/wp-json\/wp\/v2\/types\/page"}],"author":[{"embeddable":true,"href":"https:\/\/simacsa.ch\/de\/wp-json\/wp\/v2\/users\/1"}],"replies":[{"embeddable":true,"href":"https:\/\/simacsa.ch\/de\/wp-json\/wp\/v2\/comments?post=32665"}],"version-history":[{"count":20,"href":"https:\/\/simacsa.ch\/de\/wp-json\/wp\/v2\/pages\/32665\/revisions"}],"predecessor-version":[{"id":32787,"href":"https:\/\/simacsa.ch\/de\/wp-json\/wp\/v2\/pages\/32665\/revisions\/32787"}],"wp:attachment":[{"href":"https:\/\/simacsa.ch\/de\/wp-json\/wp\/v2\/media?parent=32665"}],"curies":[{"name":"wp","href":"https:\/\/api.w.org\/{rel}","templated":true}]}}