{"id":32644,"date":"2022-01-14T17:20:22","date_gmt":"2022-01-14T16:20:22","guid":{"rendered":"https:\/\/simacsa.ch\/?page_id=32644"},"modified":"2022-03-25T11:46:51","modified_gmt":"2022-03-25T10:46:51","slug":"cointainers-et-structures-modulaires","status":"publish","type":"page","link":"https:\/\/simacsa.ch\/de\/cointainers-et-structures-modulaires\/","title":{"rendered":"Cointainer und modulare Strukturen"},"content":{"rendered":"<div id=\"vc_row-69e0a2b397da4\" class=\"vc_row wpb_row vc_row-fluid vc_custom_1639404136961 thegem-custom-69e0a2b397d925392 vc_row-o-equal-height vc_row-o-content-middle vc_row-flex\"><div class=\"wpb_column vc_column_container vc_col-sm-3 thegem-custom-69e0a2b397f776652\"><div class=\"vc_column-inner thegem-custom-inner-69e0a2b397f79\"><div class=\"wpb_wrapper\"><div class=\"vc_row wpb_row vc_inner vc_row-fluid custom-inner-column-69e0a2b3983bc\"><div class=\"wpb_column vc_column_container vc_col-sm-6\"><div class=\"vc_column-inner thegem-custom-inner-69e0a2b39862a\"><div class=\"wpb_wrapper\">\r\n\t\r\n\t<div  class=\"wpb_single_image wpb_content_element vc_align_left  vc_custom_1639410657531\" >\r\n\t\t\r\n\t\t<figure class=\"wpb_wrapper vc_figure\">\r\n\t\t\t<div class=\"vc_single_image-wrapper   vc_box_border_grey\"><img width=\"1136\" height=\"340\" src=\"https:\/\/simacsa.ch\/wp-content\/uploads\/2021\/12\/simac-logo-1.png\" class=\"vc_single_image-img attachment-full\" alt=\"\" srcset=\"https:\/\/simacsa.ch\/wp-content\/uploads\/2021\/12\/simac-logo-1.png 1136w, https:\/\/simacsa.ch\/wp-content\/uploads\/2021\/12\/simac-logo-1-300x90.png 300w, https:\/\/simacsa.ch\/wp-content\/uploads\/2021\/12\/simac-logo-1-1024x306.png 1024w, https:\/\/simacsa.ch\/wp-content\/uploads\/2021\/12\/simac-logo-1-768x230.png 768w\" sizes=\"(max-width: 1136px) 100vw, 1136px\" \/><\/div>\r\n\t\t<\/figure>\r\n\t<\/div>\r\n\t\r\n<\/div><\/div><\/div><div class=\"wpb_column vc_column_container vc_col-sm-6\"><div class=\"vc_column-inner thegem-custom-inner-69e0a2b398b5c\"><div class=\"wpb_wrapper\"><\/div><\/div><\/div><\/div><\/div><\/div><\/div><div class=\"wpb_column vc_column_container vc_col-sm-9 thegem-custom-69e0a2b398c8a8988\"><div class=\"vc_column-inner thegem-custom-inner-69e0a2b398c8b\"><div class=\"wpb_wrapper\">\r\n\t\r\n\t\t<div class=\"wpb_text_column wpb_content_element\" >\r\n\t\t\t<div class=\"wpb_wrapper\">\r\n\t\t\t\t<p style=\"font-size: 20px; line-height: 35px;\">SIMAC ist ein Distributor von <strong>CONTAINER UND MODULARE STRUKTUREN F\u00dcR DEN STANDORT<\/strong><br \/>\nModulare Container f\u00fcr die Baustelle, isolierte Aufbauten f\u00fcr den B\u00fcro- oder Umkleidebereich, mobile und modulare Aufbauten auf Anfrage und nach Ma\u00df<\/p>\n\r\n\t\t\t<\/div>\r\n\t\t<\/div>\r\n\t\r\n<\/div><\/div><\/div><\/div><div id=\"vc_row-69e0a2b398f1c\" class=\"vc_row wpb_row vc_row-fluid vc_custom_1639406709928 thegem-custom-69e0a2b398f103258 vc_row-o-equal-height vc_row-o-content-middle vc_row-flex\"><div class=\"wpb_column vc_column_container vc_col-sm-12 thegem-custom-69e0a2b3990781607\"><div class=\"vc_column-inner thegem-custom-inner-69e0a2b39907a\"><div class=\"wpb_wrapper\"><div class=\"vc_separator wpb_content_element vc_separator_align_center vc_sep_width_100 vc_sep_pos_align_center vc_separator_no_text vc_sep_color_grey\"><span class=\"vc_sep_holder vc_sep_holder_l\"><span  class=\"vc_sep_line\"><\/span><\/span><span class=\"vc_sep_holder vc_sep_holder_r\"><span  class=\"vc_sep_line\"><\/span><\/span>\r\n<\/div><\/div><\/div><\/div><\/div><div id=\"vc_row-69e0a2b399684\" class=\"vc_row wpb_row vc_row-fluid vc_custom_1639404398674 thegem-custom-69e0a2b3996788579 vc_row-o-equal-height vc_row-o-content-middle vc_row-flex\"><div class=\"wpb_column vc_column_container vc_col-sm-6 thegem-custom-69e0a2b3997f42017\"><div class=\"vc_column-inner thegem-custom-inner-69e0a2b3997f5\"><div class=\"wpb_wrapper\">\r\n\t\r\n\t<div  class=\"wpb_single_image wpb_content_element vc_align_left\" >\r\n\t\t\r\n\t\t<figure class=\"wpb_wrapper vc_figure\">\r\n\t\t\t<div class=\"vc_single_image-wrapper   vc_box_border_grey\"><img width=\"1000\" height=\"670\" src=\"https:\/\/simacsa.ch\/wp-content\/uploads\/2022\/01\/container_2.jpg\" class=\"vc_single_image-img attachment-full\" alt=\"\" srcset=\"https:\/\/simacsa.ch\/wp-content\/uploads\/2022\/01\/container_2.jpg 1000w, https:\/\/simacsa.ch\/wp-content\/uploads\/2022\/01\/container_2-300x201.jpg 300w, https:\/\/simacsa.ch\/wp-content\/uploads\/2022\/01\/container_2-768x515.jpg 768w\" sizes=\"(max-width: 1000px) 100vw, 1000px\" \/><\/div>\r\n\t\t<\/figure>\r\n\t<\/div>\r\n\t\r\n<\/div><\/div><\/div><div class=\"wpb_column vc_column_container vc_col-sm-6 thegem-custom-69e0a2b399c016716\"><div class=\"vc_column-inner thegem-custom-inner-69e0a2b399c02\"><div class=\"wpb_wrapper\">\r\n\t\r\n\t<div  class=\"wpb_single_image wpb_content_element vc_align_left\" >\r\n\t\t\r\n\t\t<figure class=\"wpb_wrapper vc_figure\">\r\n\t\t\t<div class=\"vc_single_image-wrapper   vc_box_border_grey\"><img width=\"1000\" height=\"670\" src=\"https:\/\/simacsa.ch\/wp-content\/uploads\/2022\/01\/container_3.jpg\" class=\"vc_single_image-img attachment-full\" alt=\"\" srcset=\"https:\/\/simacsa.ch\/wp-content\/uploads\/2022\/01\/container_3.jpg 1000w, https:\/\/simacsa.ch\/wp-content\/uploads\/2022\/01\/container_3-300x201.jpg 300w, https:\/\/simacsa.ch\/wp-content\/uploads\/2022\/01\/container_3-768x515.jpg 768w\" sizes=\"(max-width: 1000px) 100vw, 1000px\" \/><\/div>\r\n\t\t<\/figure>\r\n\t<\/div>\r\n\t\r\n<\/div><\/div><\/div><\/div><div id=\"vc_row-69e0a2b399ff7\" class=\"vc_row wpb_row vc_row-fluid vc_custom_1639404398674 thegem-custom-69e0a2b399fec196 vc_row-o-equal-height vc_row-o-content-middle vc_row-flex\"><div class=\"wpb_column vc_column_container vc_col-sm-6 thegem-custom-69e0a2b39a1036413\"><div class=\"vc_column-inner thegem-custom-inner-69e0a2b39a104\"><div class=\"wpb_wrapper\">\r\n\t\r\n\t<div  class=\"wpb_single_image wpb_content_element vc_align_center\" >\r\n\t\t\r\n\t\t<figure class=\"wpb_wrapper vc_figure\">\r\n\t\t\t<div class=\"vc_single_image-wrapper   vc_box_border_grey\"><img class=\"vc_single_image-img\" src=\"https:\/\/simacsa.ch\/wp-content\/uploads\/2022\/01\/container-349x349.jpg\" width=\"349\" height=\"349\" alt=\"container\" title=\"Container\" \/><\/div>\r\n\t\t<\/figure>\r\n\t<\/div>\r\n\t\r\n<\/div><\/div><\/div><div class=\"wpb_column vc_column_container vc_col-sm-6 thegem-custom-69e0a2b39a4bc7305\"><div class=\"vc_column-inner thegem-custom-inner-69e0a2b39a4be\"><div class=\"wpb_wrapper\">\r\n\t\r\n\t<div  class=\"wpb_single_image wpb_content_element vc_align_center\" >\r\n\t\t\r\n\t\t<figure class=\"wpb_wrapper vc_figure\">\r\n\t\t\t<div class=\"vc_single_image-wrapper   vc_box_border_grey\"><img width=\"466\" height=\"349\" src=\"https:\/\/simacsa.ch\/wp-content\/uploads\/2022\/03\/12.jpg\" class=\"vc_single_image-img attachment-full\" alt=\"\" srcset=\"https:\/\/simacsa.ch\/wp-content\/uploads\/2022\/03\/12.jpg 466w, https:\/\/simacsa.ch\/wp-content\/uploads\/2022\/03\/12-300x225.jpg 300w, https:\/\/simacsa.ch\/wp-content\/uploads\/2022\/03\/12-16x12.jpg 16w\" sizes=\"(max-width: 466px) 100vw, 466px\" \/><\/div>\r\n\t\t<\/figure>\r\n\t<\/div>\r\n\t\r\n<\/div><\/div><\/div><\/div><div id=\"vc_row-69e0a2b39a8a7\" class=\"vc_row wpb_row vc_row-fluid vc_custom_1639406709928 thegem-custom-69e0a2b39a89c4948 vc_row-o-equal-height vc_row-o-content-middle vc_row-flex\"><div class=\"wpb_column vc_column_container vc_col-sm-12 thegem-custom-69e0a2b39a9c38969\"><div class=\"vc_column-inner thegem-custom-inner-69e0a2b39a9c4\"><div class=\"wpb_wrapper\"><div class=\"vc_separator wpb_content_element vc_separator_align_center vc_sep_width_100 vc_sep_pos_align_center vc_separator_no_text vc_sep_color_grey\"><span class=\"vc_sep_holder vc_sep_holder_l\"><span  class=\"vc_sep_line\"><\/span><\/span><span class=\"vc_sep_holder vc_sep_holder_r\"><span  class=\"vc_sep_line\"><\/span><\/span>\r\n<\/div><\/div><\/div><\/div><\/div><div class=\"vc_row-full-width-before\"><\/div><div id=\"vc_row-69e0a2b39ac81\" data-vc-full-width=\"true\" data-vc-full-width-init=\"false\" data-vc-stretch-content=\"true\" class=\"vc_row wpb_row vc_row-fluid box-shadow vc_custom_1642178090153 thegem-custom-69e0a2b39ac761489\"><script type=\"text\/javascript\">if (typeof(gem_fix_fullwidth_position) == \"function\") { gem_fix_fullwidth_position(document.getElementById(\"vc_row-69e0a2b39ac81\")); }<\/script><div class=\"box-shadow wpb_column vc_column_container vc_col-sm-1\/5 thegem-custom-69e0a2b39ad8f6265\"><div class=\"vc_column-inner thegem-custom-inner-69e0a2b39ad90\"><div class=\"wpb_wrapper\"><a\n  href=\"https:\/\/simacsa.ch\/de\/centrales-a-beton\/\"\n  class=\"marvelous-link noHover\"\n  >\n  <figure class=\"marvelous-hover effect-hover effect-lily ratio11 effect-fonts  marvelous_custom_class_1061b72d4c75aae\">\n        <img src=\"https:\/\/simacsa.ch\/wp-content\/uploads\/2021\/12\/slider-vertical-640x640.jpg\" alt=\"\"\/>\n    \n    <figcaption>\n      <div class=\"effect-caption\">\n        <div class=\"effect-heading\">\n          <h2>Pflanzen bei <span>Beton<\/span><\/h2>\n        <\/div>\n\n        <div class=\"effect-description\">\n                    <p class=\"description\">SIMAC ist der exklusive Distributor von CONCRETE PLANTS<\/p>\n                  <\/div>\n\n      <\/div>\n    <\/figcaption>\n  <\/figure>\n<\/a>\n<style type=\"text\/css\" data-type=\"vckit-shortcode-css\" data-shortcode=\"marvelous_hover\">.effect-hover.marvelous_custom_class_1061b72d4c75aae h2, .effect-hover.marvelous_custom_class_1061b72d4c75aae p { color: #ffffff; }.effect-hover.marvelous_custom_class_1061b72d4c75aae:hover img { opacity: 0.6; }.effect-hover.marvelous_custom_class_1061b72d4c75aae { background: #000000; }.effect-hover.marvelous_custom_class_1061b72d4c75aae:hover { background: #000000; }<\/style><\/div><\/div><\/div><div class=\"box-shadow wpb_column vc_column_container vc_col-sm-1\/5 thegem-custom-69e0a2b39b18c5278\"><div class=\"vc_column-inner thegem-custom-inner-69e0a2b39b18d\"><div class=\"wpb_wrapper\"><a\n  href=\"https:\/\/simacsa.ch\/de\/pompes-a-beton\/\"\n  class=\"marvelous-link noHover\"\n  >\n  <figure class=\"marvelous-hover effect-hover effect-lily ratio11 effect-fonts  marvelous_custom_class_861b71db7ab5be\">\n        <img src=\"https:\/\/simacsa.ch\/wp-content\/uploads\/2021\/12\/turbosol-concrete-2019_1-1-640x640.jpg\" alt=\"\"\/>\n    \n    <figcaption>\n      <div class=\"effect-caption\">\n        <div class=\"effect-heading\">\n          <h2>Pumps <span>Beton<\/span><\/h2>\n        <\/div>\n\n        <div class=\"effect-description\">\n                    <p class=\"description\">SIMAC ist der exklusive Distributor von CONCRETE PUMPS<\/p>\n                  <\/div>\n\n      <\/div>\n    <\/figcaption>\n  <\/figure>\n<\/a>\n<style type=\"text\/css\" data-type=\"vckit-shortcode-css\" data-shortcode=\"marvelous_hover\">.effect-hover.marvelous_custom_class_861b71db7ab5be h2, .effect-hover.marvelous_custom_class_861b71db7ab5be p { color: #ffffff; }.effect-hover.marvelous_custom_class_861b71db7ab5be:hover img { opacity: 0.6; }.effect-hover.marvelous_custom_class_861b71db7ab5be { background: #000000; }.effect-hover.marvelous_custom_class_861b71db7ab5be:hover { background: #000000; }<\/style><\/div><\/div><\/div><div class=\"wpb_column vc_column_container vc_col-sm-1\/5 thegem-custom-69e0a2b39b5622944\"><div class=\"vc_column-inner thegem-custom-inner-69e0a2b39b563\"><div class=\"wpb_wrapper\"><a\n  href=\"https:\/\/simacsa.ch\/de\/coffrages-metallique\/\"\n  class=\"marvelous-link noHover\"\n  >\n  <figure class=\"marvelous-hover effect-hover effect-lily ratio11 effect-fonts  marvelous_custom_class_1061b726bfd1b6d\">\n        <img src=\"https:\/\/simacsa.ch\/wp-content\/uploads\/2021\/12\/4-32-640x640.jpg\" alt=\"\"\/>\n    \n    <figcaption>\n      <div class=\"effect-caption\">\n        <div class=\"effect-heading\">\n          <h2>Schalung <span>metallisch<\/span><\/h2>\n        <\/div>\n\n        <div class=\"effect-description\">\n                    <p class=\"description\">SIMAC ist der exklusive Distributor von FORMWORK<\/p>\n                  <\/div>\n\n      <\/div>\n    <\/figcaption>\n  <\/figure>\n<\/a>\n<style type=\"text\/css\" data-type=\"vckit-shortcode-css\" data-shortcode=\"marvelous_hover\">.effect-hover.marvelous_custom_class_1061b726bfd1b6d h2, .effect-hover.marvelous_custom_class_1061b726bfd1b6d p { color: #ffffff; }.effect-hover.marvelous_custom_class_1061b726bfd1b6d:hover img { opacity: 0.6; }.effect-hover.marvelous_custom_class_1061b726bfd1b6d { background: #000000; }.effect-hover.marvelous_custom_class_1061b726bfd1b6d:hover { background: #000000; }<\/style><\/div><\/div><\/div><div class=\"wpb_column vc_column_container vc_col-sm-1\/5 thegem-custom-69e0a2b39b9217795\"><div class=\"vc_column-inner thegem-custom-inner-69e0a2b39b923\"><div class=\"wpb_wrapper\"><a\n  href=\"https:\/\/simacsa.ch\/de\/grues-de-chantier\/\"\n  class=\"marvelous-link noHover\"\n  >\n  <figure class=\"marvelous-hover effect-hover effect-lily ratio11 effect-fonts  marvelous_custom_class_10623d9d7df0cf5\">\n        <img src=\"https:\/\/simacsa.ch\/wp-content\/uploads\/2022\/01\/grue-640x640.jpg\" alt=\"\"\/>\n    \n    <figcaption>\n      <div class=\"effect-caption\">\n        <div class=\"effect-heading\">\n          <h2>Kr\u00e4ne von <span>Baustelle<\/span><\/h2>\n        <\/div>\n\n        <div class=\"effect-description\">\n                    <p class=\"description\">SIMAC ist der exklusive Distributor von CRANES<\/p>\n                  <\/div>\n\n      <\/div>\n    <\/figcaption>\n  <\/figure>\n<\/a>\n<style type=\"text\/css\" data-type=\"vckit-shortcode-css\" data-shortcode=\"marvelous_hover\">.effect-hover.marvelous_custom_class_10623d9d7df0cf5 h2, .effect-hover.marvelous_custom_class_10623d9d7df0cf5 p { color: #ffffff; }.effect-hover.marvelous_custom_class_10623d9d7df0cf5:hover img { opacity: 0.6; }.effect-hover.marvelous_custom_class_10623d9d7df0cf5 { background: #000000; }.effect-hover.marvelous_custom_class_10623d9d7df0cf5:hover { background: #000000; }<\/style><\/div><\/div><\/div><div class=\"wpb_column vc_column_container vc_col-sm-1\/5 thegem-custom-69e0a2b39bcf01763\"><div class=\"vc_column-inner thegem-custom-inner-69e0a2b39bcf2\"><div class=\"wpb_wrapper\"><a\n  href=\"https:\/\/simacsa.ch\/de\/autres-produits-pour-le-chantier\/\"\n  class=\"marvelous-link noHover\"\n  >\n  <figure class=\"marvelous-hover effect-hover effect-lily ratio11 effect-fonts  marvelous_custom_class_10623d9d88bdbd6\">\n        <img src=\"https:\/\/simacsa.ch\/wp-content\/uploads\/2022\/01\/other-products-640x640.jpg\" alt=\"\"\/>\n    \n    <figcaption>\n      <div class=\"effect-caption\">\n        <div class=\"effect-heading\">\n          <h2>Andere Produkte f\u00fcr <span>der Standort<\/span><\/h2>\n        <\/div>\n\n        <div class=\"effect-description\">\n                    <p class=\"description\">SIMAC ist der exklusive Distributor von Baustellenprodukten<\/p>\n                  <\/div>\n\n      <\/div>\n    <\/figcaption>\n  <\/figure>\n<\/a>\n<style type=\"text\/css\" data-type=\"vckit-shortcode-css\" data-shortcode=\"marvelous_hover\">.effect-hover.marvelous_custom_class_10623d9d88bdbd6 h2, .effect-hover.marvelous_custom_class_10623d9d88bdbd6 p { color: #ffffff; }.effect-hover.marvelous_custom_class_10623d9d88bdbd6:hover img { opacity: 0.6; }.effect-hover.marvelous_custom_class_10623d9d88bdbd6 { background: #000000; }.effect-hover.marvelous_custom_class_10623d9d88bdbd6:hover { background: #000000; }<\/style><\/div><\/div><\/div><\/div><div class=\"vc_row-full-width vc_clearfix\"><\/div>","protected":false},"excerpt":{"rendered":"","protected":false},"author":1,"featured_media":0,"parent":0,"menu_order":0,"comment_status":"closed","ping_status":"closed","template":"","meta":[],"_links":{"self":[{"href":"https:\/\/simacsa.ch\/de\/wp-json\/wp\/v2\/pages\/32644"}],"collection":[{"href":"https:\/\/simacsa.ch\/de\/wp-json\/wp\/v2\/pages"}],"about":[{"href":"https:\/\/simacsa.ch\/de\/wp-json\/wp\/v2\/types\/page"}],"author":[{"embeddable":true,"href":"https:\/\/simacsa.ch\/de\/wp-json\/wp\/v2\/users\/1"}],"replies":[{"embeddable":true,"href":"https:\/\/simacsa.ch\/de\/wp-json\/wp\/v2\/comments?post=32644"}],"version-history":[{"count":9,"href":"https:\/\/simacsa.ch\/de\/wp-json\/wp\/v2\/pages\/32644\/revisions"}],"predecessor-version":[{"id":32760,"href":"https:\/\/simacsa.ch\/de\/wp-json\/wp\/v2\/pages\/32644\/revisions\/32760"}],"wp:attachment":[{"href":"https:\/\/simacsa.ch\/de\/wp-json\/wp\/v2\/media?parent=32644"}],"curies":[{"name":"wp","href":"https:\/\/api.w.org\/{rel}","templated":true}]}}