{"id":32524,"date":"2021-12-13T12:35:23","date_gmt":"2021-12-13T11:35:23","guid":{"rendered":"https:\/\/simacsa.ch\/?page_id=32524"},"modified":"2021-12-13T12:37:52","modified_gmt":"2021-12-13T11:37:52","slug":"cookie-policy","status":"publish","type":"page","link":"https:\/\/simacsa.ch\/de\/cookie-policy\/","title":{"rendered":"Cookie-Richtlinie"},"content":{"rendered":"<div id=\"vc_row-6a007e00c200e\" class=\"vc_row wpb_row vc_row-fluid vc_custom_1639395336713 thegem-custom-6a007e00c1ffc8803\"><div class=\"wpb_column vc_column_container vc_col-sm-12 thegem-custom-6a007e00c21a44846\"><div class=\"vc_column-inner thegem-custom-inner-6a007e00c21a6\"><div class=\"wpb_wrapper\">\r\n\t\r\n\t\t<div class=\"wpb_text_column wpb_content_element\" >\r\n\t\t\t<div class=\"wpb_wrapper\">\r\n\t\t\t\t<p><strong>Politik<\/strong><br \/>\nin Zusammenhang mit\u00a0<strong>Kekse<\/strong> Informationen gem\u00e4\u00df Verordnung (EU) 2016\/679 des Europ\u00e4ischen Parlaments und des Rates vom 27. April 2016 \u201ezum Schutz nat\u00fcrlicher Personen bei der Verarbeitung personenbezogener Daten sowie zum freien Datenverkehr und deren Aufhebung Richtlinie 95\/46\/EG (Datenschutz-Grundverordnung), in Kraft seit dem 24. Mai 2016 und anwendbar seit dem 25. Mai 2018 f\u00fcr Besucher der Website https:\/\/simacsa.ch\/ und f\u00fcr Nutzer der von ihr angebotenen Dienste, ab der Adresse (https:\/\/simacsa.ch\/), ohne externe Links. Die \u00fcber diese Website gesammelten Daten sind unterteilt in:<\/p>\n<p><strong>Durchsuchen von Daten<\/strong><br \/>\nDiese Datenkategorie umfasst IP-Adressen oder Dom\u00e4nennamen von Computern, die von Benutzern verwendet werden, die eine Verbindung zur Website herstellen, URI-Adressen (Uniform Resource Identifier) \u200b\u200b\u200b\u200bder angeforderten Ressourcen und andere Parameter, die mit dem http-Protokoll verbunden sind und sich auf das Betriebssystem des Benutzers beziehen und Computerumgebung.<\/p>\n<p>Diese Daten werden nur verwendet, um anonyme statistische Informationen \u00fcber die Nutzung der Website zu erhalten und ihre korrekte Funktionsweise zu \u00fcberpr\u00fcfen, und werden sofort nach der Verarbeitung gel\u00f6scht. Die Daten k\u00f6nnten zur Ermittlung der Verantwortlichkeit im Falle hypothetischer Computerkriminalit\u00e4t gegen die Website verwendet werden: Abgesehen von dieser M\u00f6glichkeit bleiben die Daten zu Webkontakten derzeit nicht l\u00e4nger als sieben Tage bestehen.<\/p>\n<p>Freiwillig vom Benutzer bereitgestellte Daten<br \/>\nDas optionale, ausdr\u00fcckliche und freiwillige Versenden von E-Mails an die auf dieser Website angegebenen Adressen beinhaltet die anschlie\u00dfende Erfassung der Absenderadresse, die zur Beantwortung von Anfragen erforderlich ist, sowie aller anderen in der Nachricht enthaltenen personenbezogenen Daten.<\/p>\n<p><strong>Kekse<\/strong><br \/>\nCookies sind Informationen, die die Website auf Ihrem Browserger\u00e4t ablegt, wenn Sie eine Seite besuchen. Sie k\u00f6nnen die \u00dcbertragung von Informationen zwischen der Website und Ihrem Ger\u00e4t sowie zwischen letzterer und anderen Websites, die in unserem Auftrag oder privat betrieben werden, gem\u00e4\u00df den Bestimmungen der jeweiligen Datenschutzrichtlinie beinhalten.<\/p>\n<p>Zu diesem Zweck werden von der Seite keine personenbezogenen Benutzerdaten erfasst. Cookies werden nicht verwendet, um pers\u00f6nliche Informationen zu \u00fcbermitteln, noch sogenannte dauerhafte Cookies jeglicher Art, noch Benutzerverfolgungssysteme.<\/p>\n<p>Wir erinnern Sie daran, dass der Benutzer durch die Konfiguration seines Browsers die Verwendung von Cookies jederzeit deaktivieren oder \u00fcber den Erhalt des Cookies informiert werden und seine Zustimmung zum Senden verweigern kann.<\/p>\n<p>Mit Ausnahme der automatisch erhobenen Daten (Navigationsdaten) ist die Bereitstellung anderer Informationen \u00fcber vorbereitete Formulare oder E-Mails kostenlos und spontan und die Nicht\u00fcbermittlung kann nur zur Nichterf\u00fcllung von Anfragen f\u00fchren. .<\/p>\n<p>Der Ort, an dem die Daten gespeichert werden, ist der Server des Anbieters, der die Website hostet (https:\/\/simacsa.ch\/) nur f\u00fcr Navigationsdaten und die Prozessoren am Hauptsitz von SiMAC SA f\u00fcr andere Kommunikationen, mit Ausnahme von Cookies, die werden auf Ihren Computern gespeichert.<\/p>\n<p><strong>Cookie-Analyse<\/strong><br \/>\nDer Blog verwendet ANONYME Google Analytics: Analytische Cookies gelten als technisch, wenn sie nur zu Optimierungszwecken verwendet werden und wenn die IP-Adressen der Benutzer anonym bleiben. Wir informieren den Benutzer, dass diese Website den kostenlosen Dienst Google Analytics verwendet.<\/p>\n<p>Wir erinnern Sie daran, dass die Daten nur verwendet werden, um die Daten der am h\u00e4ufigsten besuchten Seiten, die Anzahl der Besucher, die aggregierten Daten der Besuche nach Betriebssystem, Browser usw. Diese Einstellungen werden auf den Servern von Google gespeichert, die ihre Privatsph\u00e4re gem\u00e4\u00df diesen Richtlinien regeln.<\/p>\n<p><strong>Youtube Videos<\/strong><br \/>\nEinige Blog-Beitr\u00e4ge k\u00f6nnen Videos von YouTube einbetten, einem profilerstellungsf\u00e4higen Video-Hosting-Dienst von Google, der von dieser Website zum Anzeigen zus\u00e4tzlicher Inhalte verwendet wird. Hier finden Sie Informationen zu YouTube-Cookies.<\/p>\n<p>Interaktion mit sozialen Netzwerken und externen Plattformen<br \/>\n+1-Schaltfl\u00e4che und soziale Widgets von Google+, Schaltfl\u00e4che \u201eGef\u00e4llt mir\u201c und soziale Widgets von Facebook, Schaltfl\u00e4che \u201eTweet\u201c und soziale Widgets von Twitter, Schaltfl\u00e4che \u201ePin It\u201c und soziale Widgets von Pinterest und Schaltfl\u00e4che \u201eLinkedIn\u201c zum Teilen. Sie verwenden: Cookies und Nutzungsdaten<\/p>\n<p>+1-Schaltfl\u00e4che und soziale Widgets von Google+ (Google Inc.)<br \/>\nDie +1-Schaltfl\u00e4che und die sozialen Widgets von Google+ (einschlie\u00dflich Kommentare) sind Interaktionsdienste mit dem sozialen Netzwerk Google+, bereitgestellt von Google Inc.<br \/>\nErhobene personenbezogene Daten: Cookies und Nutzungsdaten.<br \/>\nOrt der Verarbeitung: Vereinigte Staaten \u2013 Datenschutzrichtlinie<br \/>\nFacebook-Like-Button und soziale Widgets (Facebook, Inc.)<br \/>\nDie \u201eGef\u00e4llt mir\u201c-Schaltfl\u00e4che und die sozialen Widgets von Facebook sind Interaktionsdienste mit dem sozialen Netzwerk Facebook, bereitgestellt von Facebook, Inc.<br \/>\nErhobene personenbezogene Daten: Cookies und Nutzungsdaten.<br \/>\nOrt der Verarbeitung: Vereinigte Staaten \u2013 Datenschutzrichtlinie<br \/>\nTweet-Schaltfl\u00e4che und soziale Twitter-Widgets (Twitter, Inc.)<br \/>\nDie Tweet-Schaltfl\u00e4che und die sozialen Widgets von Twitter sind Interaktionsdienste mit dem sozialen Netzwerk Twitter, bereitgestellt von Twitter, Inc.<br \/>\nErhobene personenbezogene Daten: Cookies und Nutzungsdaten.<br \/>\nOrt der Verarbeitung: USA \u2013 Datenschutzrichtlinie<br \/>\nLinkedin-Schaltfl\u00e4che und soziale Widgets (Linkedin)<br \/>\nDie Linkedin-Schaltfl\u00e4che und soziale Widgets sind Interaktionsdienste mit dem sozialen Netzwerk Linkedin, bereitgestellt von Linkedin Inc.<br \/>\nErhobene personenbezogene Daten: Cookies sowie Browsing- und Nutzungsdaten.<br \/>\nOrt der Verarbeitung: Vereinigte Staaten \u2013 Datenschutzrichtlinie<br \/>\n\u201ePin It\u201c-Schaltfl\u00e4che und soziale Pinterest-Widgets (Pinterest, Inc.)<br \/>\nDie \u201ePin it\u201c-Schaltfl\u00e4che und die sozialen Pinterest-Widgets sind Interaktionsdienste mit dem sozialen Netzwerk Pinterest, bereitgestellt von Pinterest, Inc.<br \/>\nErhobene personenbezogene Daten: Cookies und Nutzungsdaten.<br \/>\nOrt der Verarbeitung: Vereinigte Staaten \u2013 Datenschutzrichtlinie<br \/>\nAktivieren\/Deaktivieren von Cookies \u00fcber den Browser<br \/>\nEs gibt mehrere M\u00f6glichkeiten, Cookies und andere Tracking-Technologien zu verwalten. Indem Sie Ihre Browsereinstellungen \u00e4ndern, k\u00f6nnen Sie Cookies akzeptieren oder ablehnen oder sich daf\u00fcr entscheiden, eine Warnmeldung zu erhalten, bevor Sie ein Cookie von den von Ihnen besuchten Websites akzeptieren. Wenn Sie Cookies in Ihrem Browser vollst\u00e4ndig deaktivieren, k\u00f6nnen Sie m\u00f6glicherweise nicht alle unsere interaktiven Funktionen nutzen.<\/p>\n<p>Wenn Sie mehrere Computer an verschiedenen Standorten verwenden, stellen Sie sicher, dass jeder Browser Ihren Pr\u00e4ferenzen entsprechend konfiguriert ist. Hier sind einige n\u00fctzliche Links:<\/p>\n<p>Microsoft Windows-Explorer<br \/>\nGoogle Chrome<br \/>\nMozilla-Firefox<br \/>\nApple-Safari<br \/>\nSie k\u00f6nnen alle installierten Cookies im Cookie-Ordner Ihres Browsers l\u00f6schen. Jeder Browser verf\u00fcgt \u00fcber unterschiedliche Verfahren zum Verwalten von Einstellungen. Klicken Sie auf einen der in dieser Liste aufgef\u00fchrten Links, um spezifische Anweisungen zu erhalten.<\/p>\n<p><strong>Newsletter<\/strong><br \/>\nAuf den Seiten der Website befindet sich ein Formular mit dem Feld: &quot;E-Mail-Adresse&quot;. Indem Sie das Feld mit Ihren Daten ausf\u00fcllen und auf die Schaltfl\u00e4che &quot;Registrieren&quot; klicken, speichert die Website diese Daten und speichert sie in der Datenbank f\u00fcr die zuk\u00fcnftige Verwendung in der in dieser Richtlinie beschriebenen Weise und f\u00fcr die Zwecke.<\/p>\n<p><strong>Bedingungen<\/strong><br \/>\nwird bearbeitet\u00a0<strong>Daten<\/strong>\u00a0Die Verarbeitung der gesammelten Daten wird von der Website unter Verwendung von IT- und Telematik-Tools mit einer Logik verwaltet, die eng mit den unten beschriebenen Zwecken verbunden ist, und in jedem Fall, um die Sicherheit und Vertraulichkeit der Daten zu gew\u00e4hrleisten.<\/p>\n<p>F\u00fcr die Zustellung und Verwaltung der Newsletter nutzt simacsa.ch den Dienst von MailChimp (The Rocket Science Group, LLC, 512 Means St., Suite 404 \u2013 30318 \u2013 Atlanta, Georgia) und nachfolgend nur \u201eMailChimp\u201c. Die gesammelten Daten werden auf den sicheren Servern von MailChimp gespeichert.<\/p>\n<p>Gem\u00e4\u00df der Datenschutzerkl\u00e4rung von MailChimp werden Ihre Daten niemals direkt von MailChimp verwendet oder von MailChimp an Dritte verkauft. MailChimp verwendet ordnungsgem\u00e4\u00df autorisierte Betreiber, um den Dienst aufrechtzuerhalten, und bei der Ausf\u00fchrung dieser Funktion k\u00f6nnen sie Zugriff auf Ihre Daten haben. In allen F\u00e4llen gelten die Sicherheitsvorkehrungen der Datenschutzrichtlinie von MailChimp.<\/p>\n<p>In Bezug auf die unten beschriebenen Zwecke werden beim Versand des Newsletters durch den Administrator die Daten mit den von MailChimp bereitgestellten Tools gesammelt und der Newsletter wird \u00fcber sie versendet.<\/p>\n<p><strong>SiMAC<br \/>\nDatenschutzabteilung<br \/>\nRoute de Pra-Charbon 38<br \/>\nCH-1614 Granges (Veveyse)<\/strong><\/p>\n<p>Gem\u00e4\u00df Artikel 7 des Gesetzesdekrets 196\/03 \u2013 Artikel 7 \u2013 Recht auf Zugang zu personenbezogenen Daten und andere Rechte.<\/p>\n<p>1. Der Interessent hat das Recht, eine Best\u00e4tigung \u00fcber das Vorhandensein oder Nichtvorhandensein von ihn betreffenden personenbezogenen Daten, auch wenn diese noch nicht erfasst sind, und deren Mitteilung in verst\u00e4ndlicher Form zu erhalten.<br \/>\n2. Die interessierte Partei hat das Recht, die Angabe zu erhalten:<\/p>\n<p>bei. die Herkunft der personenbezogenen Daten;<br \/>\nB. die Zwecke und Methoden der Verarbeitung;<br \/>\nvs. der angewandten Logik im Falle einer Verarbeitung mit Hilfe elektronischer Instrumente;<br \/>\nD. die Identit\u00e4t des Eigent\u00fcmers, des Verwalters und des nach Artikel 5 Absatz 2 ernannten Vertreters;<br \/>\nUnd. der Subjekte oder Kategorien von Subjekten, denen die personenbezogenen Daten mitgeteilt werden k\u00f6nnen oder die davon als ernannte Vertreter im Staat, Manager oder Agenten Kenntnis erlangen k\u00f6nnen.<\/p>\n<p>3. Die interessierte Partei hat das Recht zu erhalten<\/p>\n<p>bei. Aktualisierung, Berichtigung oder gegebenenfalls Integration von Daten;<br \/>\nB. die L\u00f6schung, Umwandlung in anonyme Form oder Sperrung rechtswidrig verarbeiteter Daten, einschlie\u00dflich solcher, deren Aufbewahrung f\u00fcr die Zwecke, f\u00fcr die die Daten erhoben oder weiterverarbeitet wurden, nicht erforderlich ist;<br \/>\nvs. die Bescheinigung, dass die in den Buchstaben a) und b) genannten Vorg\u00e4nge auch hinsichtlich ihres Inhalts denjenigen zur Kenntnis gebracht wurden, denen die Daten mitgeteilt oder verbreitet wurden, au\u00dfer in dem Fall, in dem diese Erkenntnis nachgewiesen wird unm\u00f6glich o beinhaltet den Einsatz von Mitteln, die in einem offensichtlich unverh\u00e4ltnism\u00e4\u00dfigen Verh\u00e4ltnis zum gesch\u00fctzten Recht stehen.<\/p>\n<p>4. Die interessierte Partei hat das Recht, sich ganz oder teilweise zu widersetzen:<\/p>\n<p>bei. aus legitimen Gr\u00fcnden gegen die Verarbeitung personenbezogener Daten, die ihn betreffen, auch wenn sie f\u00fcr den Zweck der Erhebung relevant sind;<br \/>\nB. auf die Verarbeitung der ihn betreffenden personenbezogenen Daten zum Zweck der Zusendung von Werbematerial oder des Direktverkaufs oder zur Durchf\u00fchrung von Marktforschung oder kommerzieller Kommunikation.<\/p>\n<p>Es ist auch m\u00f6glich, die Website www.aboutcookies.org zu besuchen, um herauszufinden, wie Cookies je nach verwendetem Browsertyp verwaltet\/gel\u00f6scht werden k\u00f6nnen. Um Cookies aus dem Internetbrowser Ihres Smartphones\/Tablets zu l\u00f6schen, m\u00fcssen Sie sich an die Bedienungsanleitung des Ger\u00e4ts wenden.<\/p>\n\r\n\t\t\t<\/div>\r\n\t\t<\/div>\r\n\t\r\n<\/div><\/div><\/div><\/div>","protected":false},"excerpt":{"rendered":"","protected":false},"author":1,"featured_media":0,"parent":0,"menu_order":0,"comment_status":"closed","ping_status":"closed","template":"","meta":[],"_links":{"self":[{"href":"https:\/\/simacsa.ch\/de\/wp-json\/wp\/v2\/pages\/32524"}],"collection":[{"href":"https:\/\/simacsa.ch\/de\/wp-json\/wp\/v2\/pages"}],"about":[{"href":"https:\/\/simacsa.ch\/de\/wp-json\/wp\/v2\/types\/page"}],"author":[{"embeddable":true,"href":"https:\/\/simacsa.ch\/de\/wp-json\/wp\/v2\/users\/1"}],"replies":[{"embeddable":true,"href":"https:\/\/simacsa.ch\/de\/wp-json\/wp\/v2\/comments?post=32524"}],"version-history":[{"count":3,"href":"https:\/\/simacsa.ch\/de\/wp-json\/wp\/v2\/pages\/32524\/revisions"}],"predecessor-version":[{"id":32527,"href":"https:\/\/simacsa.ch\/de\/wp-json\/wp\/v2\/pages\/32524\/revisions\/32527"}],"wp:attachment":[{"href":"https:\/\/simacsa.ch\/de\/wp-json\/wp\/v2\/media?parent=32524"}],"curies":[{"name":"wp","href":"https:\/\/api.w.org\/{rel}","templated":true}]}}