{"id":32511,"date":"2021-12-13T11:52:55","date_gmt":"2021-12-13T10:52:55","guid":{"rendered":"https:\/\/simacsa.ch\/?page_id=32511"},"modified":"2022-03-25T11:37:38","modified_gmt":"2022-03-25T10:37:38","slug":"coffrages-metallique","status":"publish","type":"page","link":"https:\/\/simacsa.ch\/de\/coffrages-metallique\/","title":{"rendered":"METALLSCHALUNG"},"content":{"rendered":"<div id=\"vc_row-6a007ddcd9657\" class=\"vc_row wpb_row vc_row-fluid vc_custom_1639404136961 thegem-custom-6a007ddcd963f5815 vc_row-o-equal-height vc_row-o-content-middle vc_row-flex\"><div class=\"wpb_column vc_column_container vc_col-sm-3 thegem-custom-6a007ddcd97d23274\"><div class=\"vc_column-inner thegem-custom-inner-6a007ddcd97d4\"><div class=\"wpb_wrapper\">\r\n\t\r\n\t<div  class=\"wpb_single_image wpb_content_element vc_align_left\" >\r\n\t\t\r\n\t\t<figure class=\"wpb_wrapper vc_figure\">\r\n\t\t\t<div class=\"vc_single_image-wrapper   vc_box_border_grey\"><img width=\"880\" height=\"402\" src=\"https:\/\/simacsa.ch\/wp-content\/uploads\/2021\/12\/Interfama_Logo_Menu.jpg\" class=\"vc_single_image-img attachment-full\" alt=\"\" srcset=\"https:\/\/simacsa.ch\/wp-content\/uploads\/2021\/12\/Interfama_Logo_Menu.jpg 880w, https:\/\/simacsa.ch\/wp-content\/uploads\/2021\/12\/Interfama_Logo_Menu-300x137.jpg 300w, https:\/\/simacsa.ch\/wp-content\/uploads\/2021\/12\/Interfama_Logo_Menu-768x351.jpg 768w\" sizes=\"(max-width: 880px) 100vw, 880px\" \/><\/div>\r\n\t\t<\/figure>\r\n\t<\/div>\r\n\t\r\n<div class=\"vc_row wpb_row vc_inner vc_row-fluid custom-inner-column-6a007ddcd9db6\"><div class=\"wpb_column vc_column_container vc_col-sm-6\"><div class=\"vc_column-inner thegem-custom-inner-6a007ddcd9ee1\"><div class=\"wpb_wrapper\">\r\n\t\r\n\t<div  class=\"wpb_single_image wpb_content_element vc_align_left  vc_custom_1639410657531\" >\r\n\t\t\r\n\t\t<figure class=\"wpb_wrapper vc_figure\">\r\n\t\t\t<div class=\"vc_single_image-wrapper   vc_box_border_grey\"><img width=\"1136\" height=\"340\" src=\"https:\/\/simacsa.ch\/wp-content\/uploads\/2021\/12\/simac-logo-1.png\" class=\"vc_single_image-img attachment-full\" alt=\"\" srcset=\"https:\/\/simacsa.ch\/wp-content\/uploads\/2021\/12\/simac-logo-1.png 1136w, https:\/\/simacsa.ch\/wp-content\/uploads\/2021\/12\/simac-logo-1-300x90.png 300w, https:\/\/simacsa.ch\/wp-content\/uploads\/2021\/12\/simac-logo-1-1024x306.png 1024w, https:\/\/simacsa.ch\/wp-content\/uploads\/2021\/12\/simac-logo-1-768x230.png 768w\" sizes=\"(max-width: 1136px) 100vw, 1136px\" \/><\/div>\r\n\t\t<\/figure>\r\n\t<\/div>\r\n\t\r\n<\/div><\/div><\/div><div class=\"wpb_column vc_column_container vc_col-sm-6\"><div class=\"vc_column-inner thegem-custom-inner-6a007ddcda32e\"><div class=\"wpb_wrapper\"><\/div><\/div><\/div><\/div><\/div><\/div><\/div><div class=\"wpb_column vc_column_container vc_col-sm-9 thegem-custom-6a007ddcda4635295\"><div class=\"vc_column-inner thegem-custom-inner-6a007ddcda465\"><div class=\"wpb_wrapper\">\r\n\t\r\n\t\t<div class=\"wpb_text_column wpb_content_element\" >\r\n\t\t\t<div class=\"wpb_wrapper\">\r\n\t\t\t\t<p style=\"font-size: 20px; line-height: 35px;\">SIMAC ist der exklusive Distributor von FORMWORK <span class=\"light\">METALLISCH<\/span><br \/>\nVerkauf und Vermietung von Betonmischanlagen, Ersatzteillager, schnelle Intervention, qualifizierter technischer Kundendienst in der Westschweiz<\/p>\n\r\n\t\t\t<\/div>\r\n\t\t<\/div>\r\n\t\r\n<\/div><\/div><\/div><\/div><div id=\"vc_row-6a007ddcda709\" class=\"vc_row wpb_row vc_row-fluid vc_custom_1639406709928 thegem-custom-6a007ddcda6fd5406 vc_row-o-equal-height vc_row-o-content-middle vc_row-flex\"><div class=\"wpb_column vc_column_container vc_col-sm-12 thegem-custom-6a007ddcda8108451\"><div class=\"vc_column-inner thegem-custom-inner-6a007ddcda811\"><div class=\"wpb_wrapper\"><div class=\"vc_separator wpb_content_element vc_separator_align_center vc_sep_width_100 vc_sep_pos_align_center vc_separator_no_text vc_sep_color_grey\"><span class=\"vc_sep_holder vc_sep_holder_l\"><span  class=\"vc_sep_line\"><\/span><\/span><span class=\"vc_sep_holder vc_sep_holder_r\"><span  class=\"vc_sep_line\"><\/span><\/span>\r\n<\/div><\/div><\/div><\/div><\/div><div id=\"vc_row-6a007ddcdab5c\" class=\"vc_row wpb_row vc_row-fluid vc_custom_1639404398674 thegem-custom-6a007ddcdab529382 vc_row-o-equal-height vc_row-o-content-middle vc_row-flex\"><div class=\"wpb_column vc_column_container vc_col-sm-6 thegem-custom-6a007ddcdacda6405\"><div class=\"vc_column-inner thegem-custom-inner-6a007ddcdacdc\"><div class=\"wpb_wrapper\"><h5 style=\"text-align: left\" class=\"vc_custom_heading\" >INTERFAMA Srl: Herstellung und Verkauf von Schalungen und Metallschalungen<\/h5><div class=\"vc_empty_space\"   style=\"height: 15px\"><span class=\"vc_empty_space_inner\"><\/span><\/div>\r\n\t\r\n\t\t<div class=\"wpb_text_column wpb_content_element  wpb_animate_when_almost_visible wpb_bottom-to-top bottom-to-top\" >\r\n\t\t\t<div class=\"wpb_wrapper\">\r\n\t\t\t\t<p>Die doppelte Aufmerksamkeit, die dem gewidmet ist <strong>technologische Qualit\u00e4t<\/strong> des vorgeschlagenen Produkts und seine praktische und effiziente Verwendung erm\u00f6glichen es uns, verschiedene Schalungssysteme zu erstellen und zu entwickeln. INTERFAMA bietet Ihnen hochwertige Systeme.<\/p>\n<p>Die entworfenen Systeme wurden mit Hilfe von Simulationssoftware entwickelt <strong>modern<\/strong> und sie wurden mit Hilfe von Produktionslinien gebaut, die den Anforderungen der Verarbeitung entsprechen und<strong>Innovation<\/strong> die modernsten Technologien.<\/p>\n<p><strong>35 Jahre Erfahrung<\/strong> in der Produktion, Funktionspr\u00fcfung, Pr\u00fcfung der gelieferten Produkte und Materialien &#039;ist INTERFAMA heute ein innovatives Unternehmen, das mit Qualit\u00e4t bauen kann.<\/p>\n\r\n\t\t\t<\/div>\r\n\t\t<\/div>\r\n\t\r\n<\/div><\/div><\/div><div class=\"wpb_column vc_column_container vc_col-sm-6 thegem-custom-6a007ddcdb3b34950\"><div class=\"vc_column-inner thegem-custom-inner-6a007ddcdb3b4\"><div class=\"wpb_wrapper\">\r\n\t\r\n\t<div  class=\"wpb_single_image wpb_content_element vc_align_left\" >\r\n\t\t\r\n\t\t<figure class=\"wpb_wrapper vc_figure\">\r\n\t\t\t<div class=\"vc_single_image-wrapper   vc_box_border_grey\"><img width=\"1000\" height=\"673\" src=\"https:\/\/simacsa.ch\/wp-content\/uploads\/2021\/12\/ORBIS-8.jpg\" class=\"vc_single_image-img attachment-full\" alt=\"\" srcset=\"https:\/\/simacsa.ch\/wp-content\/uploads\/2021\/12\/ORBIS-8.jpg 1000w, https:\/\/simacsa.ch\/wp-content\/uploads\/2021\/12\/ORBIS-8-300x202.jpg 300w, https:\/\/simacsa.ch\/wp-content\/uploads\/2021\/12\/ORBIS-8-768x517.jpg 768w\" sizes=\"(max-width: 1000px) 100vw, 1000px\" \/><\/div>\r\n\t\t<\/figure>\r\n\t<\/div>\r\n\t\r\n<\/div><\/div><\/div><\/div><div id=\"vc_row-6a007ddcdb822\" class=\"vc_row wpb_row vc_row-fluid vc_custom_1639406709928 thegem-custom-6a007ddcdb8174994 vc_row-o-equal-height vc_row-o-content-middle vc_row-flex\"><div class=\"wpb_column vc_column_container vc_col-sm-12 thegem-custom-6a007ddcdb92c1632\"><div class=\"vc_column-inner thegem-custom-inner-6a007ddcdb92d\"><div class=\"wpb_wrapper\"><div class=\"vc_separator wpb_content_element vc_separator_align_center vc_sep_width_100 vc_sep_pos_align_center vc_separator_no_text vc_sep_color_grey\"><span class=\"vc_sep_holder vc_sep_holder_l\"><span  class=\"vc_sep_line\"><\/span><\/span><span class=\"vc_sep_holder vc_sep_holder_r\"><span  class=\"vc_sep_line\"><\/span><\/span>\r\n<\/div><\/div><\/div><\/div><\/div><div id=\"vc_row-6a007ddcdbc00\" class=\"vc_row wpb_row vc_row-fluid thegem-custom-6a007ddcdbbfa621\"><div class=\"wpb_column vc_column_container vc_col-sm-4 thegem-custom-6a007ddcdbd68921\"><div class=\"vc_column-inner thegem-custom-inner-6a007ddcdbd69\"><div class=\"wpb_wrapper\">\r\n\t\r\n\t<div  class=\"wpb_single_image wpb_content_element vc_align_left\" >\r\n\t\t\r\n\t\t<figure class=\"wpb_wrapper vc_figure\">\r\n\t\t\t<div class=\"vc_single_image-wrapper   vc_box_border_grey\"><img width=\"1000\" height=\"673\" src=\"https:\/\/simacsa.ch\/wp-content\/uploads\/2021\/12\/Rohstoffe.jpg\" class=\"vc_single_image-img attachment-full\" alt=\"\" srcset=\"https:\/\/simacsa.ch\/wp-content\/uploads\/2021\/12\/Rohstoffe.jpg 1000w, https:\/\/simacsa.ch\/wp-content\/uploads\/2021\/12\/Rohstoffe-300x202.jpg 300w, https:\/\/simacsa.ch\/wp-content\/uploads\/2021\/12\/Rohstoffe-768x517.jpg 768w\" sizes=\"(max-width: 1000px) 100vw, 1000px\" \/><\/div>\r\n\t\t<\/figure>\r\n\t<\/div>\r\n\t\r\n<div class=\"vc_empty_space\"   style=\"height: 15px\"><span class=\"vc_empty_space_inner\"><\/span><\/div><p style=\"text-align: left\" class=\"vc_custom_heading\" >Die Pr\u00e4zision der gefertigten Produkte ist auf der Baustelle entscheidend.<\/p><\/div><\/div><\/div><div class=\"wpb_column vc_column_container vc_col-sm-4 thegem-custom-6a007ddcdc3ab5940\"><div class=\"vc_column-inner thegem-custom-inner-6a007ddcdc3ad\"><div class=\"wpb_wrapper\">\r\n\t\r\n\t<div  class=\"wpb_single_image wpb_content_element vc_align_left\" >\r\n\t\t\r\n\t\t<figure class=\"wpb_wrapper vc_figure\">\r\n\t\t\t<div class=\"vc_single_image-wrapper   vc_box_border_grey\"><img width=\"1000\" height=\"673\" src=\"https:\/\/simacsa.ch\/wp-content\/uploads\/2021\/12\/Praezision.jpg\" class=\"vc_single_image-img attachment-full\" alt=\"\" srcset=\"https:\/\/simacsa.ch\/wp-content\/uploads\/2021\/12\/Praezision.jpg 1000w, https:\/\/simacsa.ch\/wp-content\/uploads\/2021\/12\/Praezision-300x202.jpg 300w, https:\/\/simacsa.ch\/wp-content\/uploads\/2021\/12\/Praezision-768x517.jpg 768w\" sizes=\"(max-width: 1000px) 100vw, 1000px\" \/><\/div>\r\n\t\t<\/figure>\r\n\t<\/div>\r\n\t\r\n<div class=\"vc_empty_space\"   style=\"height: 15px\"><span class=\"vc_empty_space_inner\"><\/span><\/div><p style=\"text-align: left\" class=\"vc_custom_heading\" >Hochwertige Rohstoffe.<\/p><\/div><\/div><\/div><div class=\"wpb_column vc_column_container vc_col-sm-4 thegem-custom-6a007ddcdc9b81804\"><div class=\"vc_column-inner thegem-custom-inner-6a007ddcdc9b9\"><div class=\"wpb_wrapper\">\r\n\t\r\n\t<div  class=\"wpb_single_image wpb_content_element vc_align_left\" >\r\n\t\t\r\n\t\t<figure class=\"wpb_wrapper vc_figure\">\r\n\t\t\t<div class=\"vc_single_image-wrapper   vc_box_border_grey\"><img width=\"1000\" height=\"673\" src=\"https:\/\/simacsa.ch\/wp-content\/uploads\/2021\/12\/Recycling.jpg\" class=\"vc_single_image-img attachment-full\" alt=\"\" srcset=\"https:\/\/simacsa.ch\/wp-content\/uploads\/2021\/12\/Recycling.jpg 1000w, https:\/\/simacsa.ch\/wp-content\/uploads\/2021\/12\/Recycling-300x202.jpg 300w, https:\/\/simacsa.ch\/wp-content\/uploads\/2021\/12\/Recycling-768x517.jpg 768w\" sizes=\"(max-width: 1000px) 100vw, 1000px\" \/><\/div>\r\n\t\t<\/figure>\r\n\t<\/div>\r\n\t\r\n<div class=\"vc_empty_space\"   style=\"height: 15px\"><span class=\"vc_empty_space_inner\"><\/span><\/div><p style=\"text-align: left\" class=\"vc_custom_heading\" >Maschinen und die effiziente Fertigung von Kleinteilen.<\/p><\/div><\/div><\/div><\/div><div id=\"vc_row-6a007ddcdcff6\" class=\"vc_row wpb_row vc_row-fluid vc_custom_1639406709928 thegem-custom-6a007ddcdcfeb6147 vc_row-o-equal-height vc_row-o-content-middle vc_row-flex\"><div class=\"wpb_column vc_column_container vc_col-sm-12 thegem-custom-6a007ddcdd1083268\"><div class=\"vc_column-inner thegem-custom-inner-6a007ddcdd109\"><div class=\"wpb_wrapper\"><div class=\"vc_separator wpb_content_element vc_separator_align_center vc_sep_width_100 vc_sep_pos_align_center vc_separator_no_text vc_sep_color_grey\"><span class=\"vc_sep_holder vc_sep_holder_l\"><span  class=\"vc_sep_line\"><\/span><\/span><span class=\"vc_sep_holder vc_sep_holder_r\"><span  class=\"vc_sep_line\"><\/span><\/span>\r\n<\/div><\/div><\/div><\/div><\/div><div id=\"vc_row-6a007ddcdd388\" class=\"vc_row wpb_row vc_row-fluid vc_custom_1639404398674 thegem-custom-6a007ddcdd37e265 vc_row-o-equal-height vc_row-o-content-middle vc_row-flex\"><div class=\"wpb_column vc_column_container vc_col-sm-6 thegem-custom-6a007ddcdd47e9386\"><div class=\"vc_column-inner thegem-custom-inner-6a007ddcdd47f\"><div class=\"wpb_wrapper\">\r\n\t\r\n\t<div  class=\"wpb_single_image wpb_content_element vc_align_left\" >\r\n\t\t\r\n\t\t<figure class=\"wpb_wrapper vc_figure\">\r\n\t\t\t<div class=\"vc_single_image-wrapper   vc_box_border_grey\"><img width=\"1000\" height=\"625\" src=\"https:\/\/simacsa.ch\/wp-content\/uploads\/2021\/12\/2-3.jpg\" class=\"vc_single_image-img attachment-full\" alt=\"\" srcset=\"https:\/\/simacsa.ch\/wp-content\/uploads\/2021\/12\/2-3.jpg 1000w, https:\/\/simacsa.ch\/wp-content\/uploads\/2021\/12\/2-3-300x188.jpg 300w, https:\/\/simacsa.ch\/wp-content\/uploads\/2021\/12\/2-3-768x480.jpg 768w\" sizes=\"(max-width: 1000px) 100vw, 1000px\" \/><\/div>\r\n\t\t<\/figure>\r\n\t<\/div>\r\n\t\r\n<\/div><\/div><\/div><div class=\"wpb_column vc_column_container vc_col-sm-6 thegem-custom-6a007ddcdd8a37154\"><div class=\"vc_column-inner thegem-custom-inner-6a007ddcdd8a4\"><div class=\"wpb_wrapper\"><h5 style=\"text-align: left\" class=\"vc_custom_heading\" >Markenwert<\/h5>\r\n\t\r\n\t\t<div class=\"wpb_text_column wpb_content_element  vc_custom_1639409370561\" >\r\n\t\t\t<div class=\"wpb_wrapper\">\r\n\t\t\t\t<p>INTERFAMA bietet Wandschalungssysteme aus Aluminium oder Stahl zum Verkauf an.<br \/>\nDiese Rahmenschalungen zeichnen sich durch die Vielf\u00e4ltigkeit ihrer Einsatzm\u00f6glichkeiten, eine hohe Aufnahme des Frischbetondrucks, ihre lange Lebensdauer und ihre Anpassungsf\u00e4higkeit an unterschiedlichste Bauvorhaben aus.<\/p>\n<p>Diese Betonierschalung erm\u00f6glicht die Erstellung gerader W\u00e4nde in Kombination mit Klettersystemen, St\u00fctzen, einh\u00e4uptigen W\u00e4nden und Rundw\u00e4nden. Auch Sichtbetonfl\u00e4chen lassen sich mit diesen Schalungsl\u00f6sungen problemlos realisieren.<\/p>\n\r\n\t\t\t<\/div>\r\n\t\t<\/div>\r\n\t\r\n<\/div><\/div><\/div><\/div><div id=\"vc_row-6a007ddcddc3a\" class=\"vc_row wpb_row vc_row-fluid vc_custom_1639406709928 thegem-custom-6a007ddcddc2f455 vc_row-o-equal-height vc_row-o-content-middle vc_row-flex\"><div class=\"wpb_column vc_column_container vc_col-sm-12 thegem-custom-6a007ddcddd586843\"><div class=\"vc_column-inner thegem-custom-inner-6a007ddcddd59\"><div class=\"wpb_wrapper\"><div class=\"vc_separator wpb_content_element vc_separator_align_center vc_sep_width_100 vc_sep_pos_align_center vc_separator_no_text vc_sep_color_grey\"><span class=\"vc_sep_holder vc_sep_holder_l\"><span  class=\"vc_sep_line\"><\/span><\/span><span class=\"vc_sep_holder vc_sep_holder_r\"><span  class=\"vc_sep_line\"><\/span><\/span>\r\n<\/div><\/div><\/div><\/div><\/div><div class=\"vc_row-full-width-before\"><\/div><div id=\"vc_row-6a007ddcddfe7\" data-vc-full-width=\"true\" data-vc-full-width-init=\"false\" data-vc-stretch-content=\"true\" class=\"vc_row wpb_row vc_row-fluid box-shadow vc_custom_1642178090153 thegem-custom-6a007ddcddfdd1743\"><script type=\"text\/javascript\">if (typeof(gem_fix_fullwidth_position) == \"function\") { gem_fix_fullwidth_position(document.getElementById(\"vc_row-6a007ddcddfe7\")); }<\/script><div class=\"box-shadow wpb_column vc_column_container vc_col-sm-1\/5 thegem-custom-6a007ddcde0e3656\"><div class=\"vc_column-inner thegem-custom-inner-6a007ddcde0e4\"><div class=\"wpb_wrapper\"><a\n  href=\"https:\/\/simacsa.ch\/de\/centrales-a-beton\/\"\n  class=\"marvelous-link noHover\"\n  >\n  <figure class=\"marvelous-hover effect-hover effect-lily ratio11 effect-fonts  marvelous_custom_class_1061b72d4c75aae\">\n        <img src=\"https:\/\/simacsa.ch\/wp-content\/uploads\/2021\/12\/slider-vertical-640x640.jpg\" alt=\"\"\/>\n    \n    <figcaption>\n      <div class=\"effect-caption\">\n        <div class=\"effect-heading\">\n          <h2>Pflanzen bei <span>Beton<\/span><\/h2>\n        <\/div>\n\n        <div class=\"effect-description\">\n                    <p class=\"description\">SIMAC ist der exklusive Distributor von CONCRETE PLANTS<\/p>\n                  <\/div>\n\n      <\/div>\n    <\/figcaption>\n  <\/figure>\n<\/a>\n<style type=\"text\/css\" data-type=\"vckit-shortcode-css\" data-shortcode=\"marvelous_hover\">.effect-hover.marvelous_custom_class_1061b72d4c75aae h2, .effect-hover.marvelous_custom_class_1061b72d4c75aae p { color: #ffffff; }.effect-hover.marvelous_custom_class_1061b72d4c75aae:hover img { opacity: 0.6; }.effect-hover.marvelous_custom_class_1061b72d4c75aae { background: #000000; }.effect-hover.marvelous_custom_class_1061b72d4c75aae:hover { background: #000000; }<\/style><\/div><\/div><\/div><div class=\"box-shadow wpb_column vc_column_container vc_col-sm-1\/5 thegem-custom-6a007ddcde53a6649\"><div class=\"vc_column-inner thegem-custom-inner-6a007ddcde53c\"><div class=\"wpb_wrapper\"><a\n  href=\"https:\/\/simacsa.ch\/de\/pompes-a-beton\/\"\n  class=\"marvelous-link noHover\"\n  >\n  <figure class=\"marvelous-hover effect-hover effect-lily ratio11 effect-fonts  marvelous_custom_class_861b71db7ab5be\">\n        <img src=\"https:\/\/simacsa.ch\/wp-content\/uploads\/2021\/12\/turbosol-concrete-2019_1-1-640x640.jpg\" alt=\"\"\/>\n    \n    <figcaption>\n      <div class=\"effect-caption\">\n        <div class=\"effect-heading\">\n          <h2>Pumps <span>Beton<\/span><\/h2>\n        <\/div>\n\n        <div class=\"effect-description\">\n                    <p class=\"description\">SIMAC ist der exklusive Distributor von CONCRETE PUMPS<\/p>\n                  <\/div>\n\n      <\/div>\n    <\/figcaption>\n  <\/figure>\n<\/a>\n<style type=\"text\/css\" data-type=\"vckit-shortcode-css\" data-shortcode=\"marvelous_hover\">.effect-hover.marvelous_custom_class_861b71db7ab5be h2, .effect-hover.marvelous_custom_class_861b71db7ab5be p { color: #ffffff; }.effect-hover.marvelous_custom_class_861b71db7ab5be:hover img { opacity: 0.6; }.effect-hover.marvelous_custom_class_861b71db7ab5be { background: #000000; }.effect-hover.marvelous_custom_class_861b71db7ab5be:hover { background: #000000; }<\/style><\/div><\/div><\/div><div class=\"wpb_column vc_column_container vc_col-sm-1\/5 thegem-custom-6a007ddcde92a8780\"><div class=\"vc_column-inner thegem-custom-inner-6a007ddcde92b\"><div class=\"wpb_wrapper\"><a\n  href=\"https:\/\/simacsa.ch\/de\/coffrages-metallique\/\"\n  class=\"marvelous-link noHover\"\n  >\n  <figure class=\"marvelous-hover effect-hover effect-lily ratio11 effect-fonts  marvelous_custom_class_9623d9a3290792\">\n        <img src=\"https:\/\/simacsa.ch\/wp-content\/uploads\/2022\/01\/grue_2-640x640.jpg\" alt=\"\"\/>\n    \n    <figcaption>\n      <div class=\"effect-caption\">\n        <div class=\"effect-heading\">\n          <h2>Kr\u00e4ne von <span>Baustelle<\/span><\/h2>\n        <\/div>\n\n        <div class=\"effect-description\">\n                    <p class=\"description\">SIMAC ist der exklusive Distributor von CRANES<\/p>\n                  <\/div>\n\n      <\/div>\n    <\/figcaption>\n  <\/figure>\n<\/a>\n<style type=\"text\/css\" data-type=\"vckit-shortcode-css\" data-shortcode=\"marvelous_hover\">.effect-hover.marvelous_custom_class_9623d9a3290792 h2, .effect-hover.marvelous_custom_class_9623d9a3290792 p { color: #ffffff; }.effect-hover.marvelous_custom_class_9623d9a3290792:hover img { opacity: 0.6; }.effect-hover.marvelous_custom_class_9623d9a3290792 { background: #000000; }.effect-hover.marvelous_custom_class_9623d9a3290792:hover { background: #000000; }<\/style><\/div><\/div><\/div><div class=\"wpb_column vc_column_container vc_col-sm-1\/5 thegem-custom-6a007ddcded1b7525\"><div class=\"vc_column-inner thegem-custom-inner-6a007ddcded1c\"><div class=\"wpb_wrapper\"><a\n  href=\"https:\/\/simacsa.ch\/de\/cointainers-et-structures-modulaires\/\"\n  class=\"marvelous-link noHover\"\n  >\n  <figure class=\"marvelous-hover effect-hover effect-lily ratio11 effect-fonts  marvelous_custom_class_8623d9b55a1b28\">\n        <img src=\"https:\/\/simacsa.ch\/wp-content\/uploads\/2022\/01\/container-640x640.jpg\" alt=\"\"\/>\n    \n    <figcaption>\n      <div class=\"effect-caption\">\n        <div class=\"effect-heading\">\n          <h2>Cointainer u <span>Modulare Strukturen<\/span><\/h2>\n        <\/div>\n\n        <div class=\"effect-description\">\n                    <p class=\"description\">SIMAC ist der exklusive Distributor von CONTAINERS<\/p>\n                  <\/div>\n\n      <\/div>\n    <\/figcaption>\n  <\/figure>\n<\/a>\n<style type=\"text\/css\" data-type=\"vckit-shortcode-css\" data-shortcode=\"marvelous_hover\">.effect-hover.marvelous_custom_class_8623d9b55a1b28 h2, .effect-hover.marvelous_custom_class_8623d9b55a1b28 p { color: #ffffff; }.effect-hover.marvelous_custom_class_8623d9b55a1b28:hover img { opacity: 0.6; }.effect-hover.marvelous_custom_class_8623d9b55a1b28 { background: #000000; }.effect-hover.marvelous_custom_class_8623d9b55a1b28:hover { background: #000000; }<\/style><\/div><\/div><\/div><div class=\"wpb_column vc_column_container vc_col-sm-1\/5 thegem-custom-6a007ddcdf0d72091\"><div class=\"vc_column-inner thegem-custom-inner-6a007ddcdf0d9\"><div class=\"wpb_wrapper\"><a\n  href=\"https:\/\/simacsa.ch\/de\/autres-produits-pour-le-chantier\/\"\n  class=\"marvelous-link noHover\"\n  >\n  <figure class=\"marvelous-hover effect-hover effect-lily ratio11 effect-fonts  marvelous_custom_class_9623d9b5dad8f3\">\n        <img src=\"https:\/\/simacsa.ch\/wp-content\/uploads\/2022\/01\/other-products-640x640.jpg\" alt=\"\"\/>\n    \n    <figcaption>\n      <div class=\"effect-caption\">\n        <div class=\"effect-heading\">\n          <h2>Andere Produkte f\u00fcr <span>der Standort<\/span><\/h2>\n        <\/div>\n\n        <div class=\"effect-description\">\n                    <p class=\"description\">SIMAC ist der exklusive Distributor von Baustellenprodukten<\/p>\n                  <\/div>\n\n      <\/div>\n    <\/figcaption>\n  <\/figure>\n<\/a>\n<style type=\"text\/css\" data-type=\"vckit-shortcode-css\" data-shortcode=\"marvelous_hover\">.effect-hover.marvelous_custom_class_9623d9b5dad8f3 h2, .effect-hover.marvelous_custom_class_9623d9b5dad8f3 p { color: #ffffff; }.effect-hover.marvelous_custom_class_9623d9b5dad8f3:hover img { opacity: 0.6; }.effect-hover.marvelous_custom_class_9623d9b5dad8f3 { background: #000000; }.effect-hover.marvelous_custom_class_9623d9b5dad8f3:hover { background: #000000; }<\/style><\/div><\/div><\/div><\/div><div class=\"vc_row-full-width vc_clearfix\"><\/div>","protected":false},"excerpt":{"rendered":"","protected":false},"author":1,"featured_media":0,"parent":0,"menu_order":0,"comment_status":"closed","ping_status":"closed","template":"","meta":[],"_links":{"self":[{"href":"https:\/\/simacsa.ch\/de\/wp-json\/wp\/v2\/pages\/32511"}],"collection":[{"href":"https:\/\/simacsa.ch\/de\/wp-json\/wp\/v2\/pages"}],"about":[{"href":"https:\/\/simacsa.ch\/de\/wp-json\/wp\/v2\/types\/page"}],"author":[{"embeddable":true,"href":"https:\/\/simacsa.ch\/de\/wp-json\/wp\/v2\/users\/1"}],"replies":[{"embeddable":true,"href":"https:\/\/simacsa.ch\/de\/wp-json\/wp\/v2\/comments?post=32511"}],"version-history":[{"count":13,"href":"https:\/\/simacsa.ch\/de\/wp-json\/wp\/v2\/pages\/32511\/revisions"}],"predecessor-version":[{"id":32735,"href":"https:\/\/simacsa.ch\/de\/wp-json\/wp\/v2\/pages\/32511\/revisions\/32735"}],"wp:attachment":[{"href":"https:\/\/simacsa.ch\/de\/wp-json\/wp\/v2\/media?parent=32511"}],"curies":[{"name":"wp","href":"https:\/\/api.w.org\/{rel}","templated":true}]}}