{"id":32509,"date":"2021-12-13T11:49:46","date_gmt":"2021-12-13T10:49:46","guid":{"rendered":"https:\/\/simacsa.ch\/?page_id=32509"},"modified":"2022-03-25T11:36:47","modified_gmt":"2022-03-25T10:36:47","slug":"pompes-a-beton","status":"publish","type":"page","link":"https:\/\/simacsa.ch\/de\/pompes-a-beton\/","title":{"rendered":"BETONPUMPEN"},"content":{"rendered":"<div id=\"vc_row-6a007dc19d281\" class=\"vc_row wpb_row vc_row-fluid vc_custom_1639404136961 thegem-custom-6a007dc19d23d1533 vc_row-o-equal-height vc_row-o-content-middle vc_row-flex\"><div class=\"wpb_column vc_column_container vc_col-sm-3 thegem-custom-6a007dc19d60d920\"><div class=\"vc_column-inner thegem-custom-inner-6a007dc19d60f\"><div class=\"wpb_wrapper\">\r\n\t\r\n\t<div  class=\"wpb_single_image wpb_content_element vc_align_left\" >\r\n\t\t\r\n\t\t<figure class=\"wpb_wrapper vc_figure\">\r\n\t\t\t<div class=\"vc_single_image-wrapper   vc_box_border_grey\"><img width=\"232\" height=\"28\" src=\"https:\/\/simacsa.ch\/wp-content\/uploads\/2021\/12\/turbosol-logo.png\" class=\"vc_single_image-img attachment-full\" alt=\"\" \/><\/div>\r\n\t\t<\/figure>\r\n\t<\/div>\r\n\t\r\n<div class=\"vc_row wpb_row vc_inner vc_row-fluid custom-inner-column-6a007dc19e249\"><div class=\"wpb_column vc_column_container vc_col-sm-6\"><div class=\"vc_column-inner thegem-custom-inner-6a007dc19e4a9\"><div class=\"wpb_wrapper\">\r\n\t\r\n\t<div  class=\"wpb_single_image wpb_content_element vc_align_left\" >\r\n\t\t\r\n\t\t<figure class=\"wpb_wrapper vc_figure\">\r\n\t\t\t<div class=\"vc_single_image-wrapper   vc_box_border_grey\"><img width=\"1136\" height=\"340\" src=\"https:\/\/simacsa.ch\/wp-content\/uploads\/2021\/12\/simac-logo-1.png\" class=\"vc_single_image-img attachment-full\" alt=\"\" srcset=\"https:\/\/simacsa.ch\/wp-content\/uploads\/2021\/12\/simac-logo-1.png 1136w, https:\/\/simacsa.ch\/wp-content\/uploads\/2021\/12\/simac-logo-1-300x90.png 300w, https:\/\/simacsa.ch\/wp-content\/uploads\/2021\/12\/simac-logo-1-1024x306.png 1024w, https:\/\/simacsa.ch\/wp-content\/uploads\/2021\/12\/simac-logo-1-768x230.png 768w\" sizes=\"(max-width: 1136px) 100vw, 1136px\" \/><\/div>\r\n\t\t<\/figure>\r\n\t<\/div>\r\n\t\r\n<\/div><\/div><\/div><div class=\"wpb_column vc_column_container vc_col-sm-6\"><div class=\"vc_column-inner thegem-custom-inner-6a007dc19e9b7\"><div class=\"wpb_wrapper\"><\/div><\/div><\/div><\/div><\/div><\/div><\/div><div class=\"wpb_column vc_column_container vc_col-sm-9 thegem-custom-6a007dc19eae47682\"><div class=\"vc_column-inner thegem-custom-inner-6a007dc19eae6\"><div class=\"wpb_wrapper\">\r\n\t\r\n\t\t<div class=\"wpb_text_column wpb_content_element\" >\r\n\t\t\t<div class=\"wpb_wrapper\">\r\n\t\t\t\t<p style=\"font-size: 20px; line-height: 35px;\">SIMAC ist der exklusive Distributor von CONCRETE PUMPS<br \/>\nVerkauf und Vermietung von Betonmischanlagen, Ersatzteillager, schnelle Intervention, qualifizierter technischer Kundendienst in der Westschweiz<\/p>\n\r\n\t\t\t<\/div>\r\n\t\t<\/div>\r\n\t\r\n<\/div><\/div><\/div><\/div><div id=\"vc_row-6a007dc19eeef\" class=\"vc_row wpb_row vc_row-fluid vc_custom_1639406709928 thegem-custom-6a007dc19eee46654 vc_row-o-equal-height vc_row-o-content-middle vc_row-flex\"><div class=\"wpb_column vc_column_container vc_col-sm-12 thegem-custom-6a007dc19f0508788\"><div class=\"vc_column-inner thegem-custom-inner-6a007dc19f051\"><div class=\"wpb_wrapper\"><div class=\"vc_separator wpb_content_element vc_separator_align_center vc_sep_width_100 vc_sep_pos_align_center vc_separator_no_text vc_sep_color_grey\"><span class=\"vc_sep_holder vc_sep_holder_l\"><span  class=\"vc_sep_line\"><\/span><\/span><span class=\"vc_sep_holder vc_sep_holder_r\"><span  class=\"vc_sep_line\"><\/span><\/span>\r\n<\/div><\/div><\/div><\/div><\/div><div id=\"vc_row-6a007dc19f60b\" class=\"vc_row wpb_row vc_row-fluid vc_custom_1639404398674 thegem-custom-6a007dc19f6008026 vc_row-o-equal-height vc_row-o-content-middle vc_row-flex\"><div class=\"wpb_column vc_column_container vc_col-sm-6 thegem-custom-6a007dc19f7817347\"><div class=\"vc_column-inner thegem-custom-inner-6a007dc19f782\"><div class=\"wpb_wrapper\"><h5 style=\"text-align: left\" class=\"vc_custom_heading\" >TURBOSOL - Betonpumpen<\/h5>\r\n\t\r\n\t\t<div class=\"wpb_text_column wpb_content_element  vc_custom_1639406656522\" >\r\n\t\t\t<div class=\"wpb_wrapper\">\r\n\t\t\t\t<div class=\"wpb_text_column wpb_content_element wpb_animate_when_almost_visible wpb_bottom-to-top bottom-to-top wpb_start_animation animated\">\n<div class=\"wpb_wrapper\">\n<p>TURBOSOL ist f\u00fchrend in der Herstellung von Maschinen und Anlagen f\u00fcr die <strong>Pumpen<\/strong> und die Projektion von <strong>M\u00f6rser<\/strong>, Mischungen auf Zementbasis und <strong>Betone<\/strong>.<\/p>\n<p>Sein modernes Haus liegt in der N\u00e4he von Treviso, im Herzen der<strong>Nordostitalien<\/strong>. Ein geografisches Gebiet mit sehr hoher Produktivit\u00e4t, reich an Unternehmen mit ausgepr\u00e4gter Berufung zur Innovation und auf einen globalen Markt ausgerichtet.<br \/>\nTURBOSOL ist ein wichtiges Beispiel f\u00fcr diese dynamische Realit\u00e4t, so sehr, dass seine Produkte in 60 Jahren T\u00e4tigkeit \u00fcberall verbreitet und gesch\u00e4tzt wurden.<\/p>\n<p>Das Angebot an Pumpen, Projektoren u <strong>konkrete Systeme<\/strong> vorgeschlagen von <strong>Turbosol<\/strong> geh\u00f6rt zu den vollst\u00e4ndigsten der Welt und erf\u00fcllt die meisten Baustellenanforderungen: vom Tiefbau \u00fcber den Betonsektor bis hin zu den schwierigsten Baustellen wie Bergwerken und Tunnelbau.<\/p>\n<p>Jede TURBOSOL-Maschine ist das Ergebnis direkter Erfahrung in den H\u00f6fen aller. Jedes neue Modell wird vor Beginn der Serienproduktion vor Ort getestet, um unseren Kunden effiziente und qualitativ hochwertige Produkte mit langer Lebensdauer zu garantieren.\n<\/p><\/div>\n<\/div>\n\r\n\t\t\t<\/div>\r\n\t\t<\/div>\r\n\t\r\n<\/div><\/div><\/div><div class=\"wpb_column vc_column_container vc_col-sm-6 thegem-custom-6a007dc19feff5673\"><div class=\"vc_column-inner thegem-custom-inner-6a007dc19ff00\"><div class=\"wpb_wrapper\">\r\n\t\r\n\t<div  class=\"wpb_single_image wpb_content_element vc_align_left\" >\r\n\t\t\r\n\t\t<figure class=\"wpb_wrapper vc_figure\">\r\n\t\t\t<div class=\"vc_single_image-wrapper   vc_box_border_grey\"><img width=\"952\" height=\"428\" src=\"https:\/\/simacsa.ch\/wp-content\/uploads\/2021\/12\/home-t20x.jpg\" class=\"vc_single_image-img attachment-full\" alt=\"\" srcset=\"https:\/\/simacsa.ch\/wp-content\/uploads\/2021\/12\/home-t20x.jpg 952w, https:\/\/simacsa.ch\/wp-content\/uploads\/2021\/12\/home-t20x-300x135.jpg 300w, https:\/\/simacsa.ch\/wp-content\/uploads\/2021\/12\/home-t20x-768x345.jpg 768w\" sizes=\"(max-width: 952px) 100vw, 952px\" \/><\/div>\r\n\t\t<\/figure>\r\n\t<\/div>\r\n\t\r\n<\/div><\/div><\/div><\/div><div class=\"vc_row-full-width-before\"><\/div><div id=\"vc_row-6a007dc1a031d\" data-vc-full-width=\"true\" data-vc-full-width-init=\"false\" data-vc-stretch-content=\"true\" class=\"vc_row wpb_row vc_row-fluid thegem-custom-6a007dc1a03157490 vc_row-no-padding\"><script type=\"text\/javascript\">if (typeof(gem_fix_fullwidth_position) == \"function\") { gem_fix_fullwidth_position(document.getElementById(\"vc_row-6a007dc1a031d\")); }<\/script><div class=\"wpb_column vc_column_container vc_col-sm-12 thegem-custom-6a007dc1a047c3754\"><div class=\"vc_column-inner thegem-custom-inner-6a007dc1a047e\"><div class=\"wpb_wrapper\">\r\n\t\r\n\t<div  class=\"wpb_single_image wpb_content_element vc_align_left\" >\r\n\t\t\r\n\t\t<figure class=\"wpb_wrapper vc_figure\">\r\n\t\t\t<div class=\"vc_single_image-wrapper   vc_box_border_grey\"><img width=\"1865\" height=\"525\" src=\"https:\/\/simacsa.ch\/wp-content\/uploads\/2021\/12\/Senza-titolo-3.jpg\" class=\"vc_single_image-img attachment-full\" alt=\"\" srcset=\"https:\/\/simacsa.ch\/wp-content\/uploads\/2021\/12\/Senza-titolo-3.jpg 1865w, https:\/\/simacsa.ch\/wp-content\/uploads\/2021\/12\/Senza-titolo-3-300x84.jpg 300w, https:\/\/simacsa.ch\/wp-content\/uploads\/2021\/12\/Senza-titolo-3-1024x288.jpg 1024w, https:\/\/simacsa.ch\/wp-content\/uploads\/2021\/12\/Senza-titolo-3-768x216.jpg 768w, https:\/\/simacsa.ch\/wp-content\/uploads\/2021\/12\/Senza-titolo-3-1536x432.jpg 1536w\" sizes=\"(max-width: 1865px) 100vw, 1865px\" \/><\/div>\r\n\t\t<\/figure>\r\n\t<\/div>\r\n\t\r\n<\/div><\/div><\/div><\/div><div class=\"vc_row-full-width vc_clearfix\"><\/div><div id=\"vc_row-6a007dc1a0918\" class=\"vc_row wpb_row vc_row-fluid vc_custom_1639404398674 thegem-custom-6a007dc1a090c4653 vc_row-o-equal-height vc_row-o-content-middle vc_row-flex\"><div class=\"wpb_column vc_column_container vc_col-sm-6 thegem-custom-6a007dc1a0a393410\"><div class=\"vc_column-inner thegem-custom-inner-6a007dc1a0a3a\"><div class=\"wpb_wrapper\">\r\n\t\r\n\t<div  class=\"wpb_single_image wpb_content_element vc_align_left\" >\r\n\t\t\r\n\t\t<figure class=\"wpb_wrapper vc_figure\">\r\n\t\t\t<div class=\"vc_single_image-wrapper   vc_box_border_grey\"><img width=\"500\" height=\"333\" src=\"https:\/\/simacsa.ch\/wp-content\/uploads\/2021\/12\/az3.jpg\" class=\"vc_single_image-img attachment-full\" alt=\"\" srcset=\"https:\/\/simacsa.ch\/wp-content\/uploads\/2021\/12\/az3.jpg 500w, https:\/\/simacsa.ch\/wp-content\/uploads\/2021\/12\/az3-300x200.jpg 300w\" sizes=\"(max-width: 500px) 100vw, 500px\" \/><\/div>\r\n\t\t<\/figure>\r\n\t<\/div>\r\n\t\r\n<\/div><\/div><\/div><div class=\"wpb_column vc_column_container vc_col-sm-6 thegem-custom-6a007dc1a0e7d8609\"><div class=\"vc_column-inner thegem-custom-inner-6a007dc1a0e7f\"><div class=\"wpb_wrapper\"><h5 style=\"text-align: left\" class=\"vc_custom_heading\" >Markenwert<\/h5>\r\n\t\r\n\t\t<div class=\"wpb_text_column wpb_content_element  vc_custom_1639407702025\" >\r\n\t\t\t<div class=\"wpb_wrapper\">\r\n\t\t\t\t<div class=\"wpb_text_column wpb_content_element wpb_animate_when_almost_visible wpb_bottom-to-top bottom-to-top wpb_start_animation animated\">\n<div class=\"wpb_wrapper\">\n<p>Dank mehr als 60 Jahren Erfahrung auf dem Markt ist TURBOSOL heute eine sehr dynamische industrielle Realit\u00e4t.<br \/>\nEs hat die M\u00f6glichkeiten genutzt, die neue Technologien bieten, um Projekte zu modernisieren, Ressourcen in Forschung und Entwicklung zu investieren, die Kontrolle des Produktionsprozesses zu verfeinern und eine strenge Anwendung von Qualit\u00e4tsstandards zu gew\u00e4hrleisten.<br \/>\nGleichzeitig hat sie eine ausgepr\u00e4gte Sensibilit\u00e4t f\u00fcr die Aspekte erworben, die innerhalb eines Unternehmens die Arbeits- und Umweltqualit\u00e4t verbessern.<\/p>\n<p>TURBOSOL ist zertifiziert<strong>\u00a0ISO 9001\u00a0<\/strong>seit 2006. Das Geheimnis des wachsenden Erfolgs der\u00a0<strong>Marke TURBOSOL<\/strong>\u00a0ist der Wunsch, immer originelle Projekte zu entwickeln, zusammen mit der F\u00e4higkeit, hochmoderne, zuverl\u00e4ssige, leistungsstarke und qualitativ hochwertige Maschinen anzubieten.<\/p>\n<p>Heute ist TURBOSOL auf allen 5 Kontinenten mit einem ausgedehnten Vertriebs- und Niederlassungsnetz pr\u00e4sent, um schnelle Hilfe und eine konstante und dauerhafte Beziehung zu seinen Kunden zu gew\u00e4hrleisten.<\/p>\n<p>Das Ziel von TURBOSOL ist klar: Es soll die Kontinuit\u00e4t der Leistung der Maschinen gew\u00e4hrleisten, damit seine Kunden an allen Standorten der Welt die maximale Produktivit\u00e4t erzielen k\u00f6nnen.\n<\/p><\/div>\n<\/div>\n\r\n\t\t\t<\/div>\r\n\t\t<\/div>\r\n\t\r\n<\/div><\/div><\/div><\/div><div id=\"vc_row-6a007dc1a120a\" class=\"vc_row wpb_row vc_row-fluid vc_custom_1639406709928 thegem-custom-6a007dc1a11ff1635 vc_row-o-equal-height vc_row-o-content-middle vc_row-flex\"><div class=\"wpb_column vc_column_container vc_col-sm-12 thegem-custom-6a007dc1a130f8211\"><div class=\"vc_column-inner thegem-custom-inner-6a007dc1a1311\"><div class=\"wpb_wrapper\"><div class=\"vc_separator wpb_content_element vc_separator_align_center vc_sep_width_100 vc_sep_pos_align_center vc_separator_no_text vc_sep_color_grey\"><span class=\"vc_sep_holder vc_sep_holder_l\"><span  class=\"vc_sep_line\"><\/span><\/span><span class=\"vc_sep_holder vc_sep_holder_r\"><span  class=\"vc_sep_line\"><\/span><\/span>\r\n<\/div><\/div><\/div><\/div><\/div><div class=\"vc_row-full-width-before\"><\/div><div id=\"vc_row-6a007dc1a15c2\" data-vc-full-width=\"true\" data-vc-full-width-init=\"false\" data-vc-stretch-content=\"true\" class=\"vc_row wpb_row vc_row-fluid box-shadow vc_custom_1642178090153 thegem-custom-6a007dc1a15b73641\"><script type=\"text\/javascript\">if (typeof(gem_fix_fullwidth_position) == \"function\") { gem_fix_fullwidth_position(document.getElementById(\"vc_row-6a007dc1a15c2\")); }<\/script><div class=\"box-shadow wpb_column vc_column_container vc_col-sm-1\/5 thegem-custom-6a007dc1a171c626\"><div class=\"vc_column-inner thegem-custom-inner-6a007dc1a171d\"><div class=\"wpb_wrapper\"><a\n  href=\"https:\/\/simacsa.ch\/de\/centrales-a-beton\/\"\n  class=\"marvelous-link noHover\"\n  >\n  <figure class=\"marvelous-hover effect-hover effect-lily ratio11 effect-fonts  marvelous_custom_class_1061b72d4c75aae\">\n        <img src=\"https:\/\/simacsa.ch\/wp-content\/uploads\/2021\/12\/slider-vertical-640x640.jpg\" alt=\"\"\/>\n    \n    <figcaption>\n      <div class=\"effect-caption\">\n        <div class=\"effect-heading\">\n          <h2>Pflanzen bei <span>Beton<\/span><\/h2>\n        <\/div>\n\n        <div class=\"effect-description\">\n                    <p class=\"description\">SIMAC ist der exklusive Distributor von CONCRETE PLANTS<\/p>\n                  <\/div>\n\n      <\/div>\n    <\/figcaption>\n  <\/figure>\n<\/a>\n<style type=\"text\/css\" data-type=\"vckit-shortcode-css\" data-shortcode=\"marvelous_hover\">.effect-hover.marvelous_custom_class_1061b72d4c75aae h2, .effect-hover.marvelous_custom_class_1061b72d4c75aae p { color: #ffffff; }.effect-hover.marvelous_custom_class_1061b72d4c75aae:hover img { opacity: 0.6; }.effect-hover.marvelous_custom_class_1061b72d4c75aae { background: #000000; }.effect-hover.marvelous_custom_class_1061b72d4c75aae:hover { background: #000000; }<\/style><\/div><\/div><\/div><div class=\"box-shadow wpb_column vc_column_container vc_col-sm-1\/5 thegem-custom-6a007dc1a1d12442\"><div class=\"vc_column-inner thegem-custom-inner-6a007dc1a1d14\"><div class=\"wpb_wrapper\"><a\n  href=\"https:\/\/simacsa.ch\/de\/coffrages-metallique\/\"\n  class=\"marvelous-link noHover\"\n  >\n  <figure class=\"marvelous-hover effect-hover effect-lily ratio11 effect-fonts  marvelous_custom_class_1061b726bfd1b6d\">\n        <img src=\"https:\/\/simacsa.ch\/wp-content\/uploads\/2021\/12\/4-32-640x640.jpg\" alt=\"\"\/>\n    \n    <figcaption>\n      <div class=\"effect-caption\">\n        <div class=\"effect-heading\">\n          <h2>Schalung <span>metallisch<\/span><\/h2>\n        <\/div>\n\n        <div class=\"effect-description\">\n                    <p class=\"description\">SIMAC ist der exklusive Distributor von FORMWORK<\/p>\n                  <\/div>\n\n      <\/div>\n    <\/figcaption>\n  <\/figure>\n<\/a>\n<style type=\"text\/css\" data-type=\"vckit-shortcode-css\" data-shortcode=\"marvelous_hover\">.effect-hover.marvelous_custom_class_1061b726bfd1b6d h2, .effect-hover.marvelous_custom_class_1061b726bfd1b6d p { color: #ffffff; }.effect-hover.marvelous_custom_class_1061b726bfd1b6d:hover img { opacity: 0.6; }.effect-hover.marvelous_custom_class_1061b726bfd1b6d { background: #000000; }.effect-hover.marvelous_custom_class_1061b726bfd1b6d:hover { background: #000000; }<\/style><\/div><\/div><\/div><div class=\"wpb_column vc_column_container vc_col-sm-1\/5 thegem-custom-6a007dc1a2118617\"><div class=\"vc_column-inner thegem-custom-inner-6a007dc1a2119\"><div class=\"wpb_wrapper\"><a\n  href=\"https:\/\/simacsa.ch\/de\/coffrages-metallique\/\"\n  class=\"marvelous-link noHover\"\n  >\n  <figure class=\"marvelous-hover effect-hover effect-lily ratio11 effect-fonts  marvelous_custom_class_9623d9a3290792\">\n        <img src=\"https:\/\/simacsa.ch\/wp-content\/uploads\/2022\/01\/grue_2-640x640.jpg\" alt=\"\"\/>\n    \n    <figcaption>\n      <div class=\"effect-caption\">\n        <div class=\"effect-heading\">\n          <h2>Kr\u00e4ne von <span>Baustelle<\/span><\/h2>\n        <\/div>\n\n        <div class=\"effect-description\">\n                    <p class=\"description\">SIMAC ist der exklusive Distributor von CRANES<\/p>\n                  <\/div>\n\n      <\/div>\n    <\/figcaption>\n  <\/figure>\n<\/a>\n<style type=\"text\/css\" data-type=\"vckit-shortcode-css\" data-shortcode=\"marvelous_hover\">.effect-hover.marvelous_custom_class_9623d9a3290792 h2, .effect-hover.marvelous_custom_class_9623d9a3290792 p { color: #ffffff; }.effect-hover.marvelous_custom_class_9623d9a3290792:hover img { opacity: 0.6; }.effect-hover.marvelous_custom_class_9623d9a3290792 { background: #000000; }.effect-hover.marvelous_custom_class_9623d9a3290792:hover { background: #000000; }<\/style><\/div><\/div><\/div><div class=\"wpb_column vc_column_container vc_col-sm-1\/5 thegem-custom-6a007dc1a24fe3742\"><div class=\"vc_column-inner thegem-custom-inner-6a007dc1a2500\"><div class=\"wpb_wrapper\"><a\n  href=\"https:\/\/simacsa.ch\/de\/cointainers-et-structures-modulaires\/\"\n  class=\"marvelous-link noHover\"\n  >\n  <figure class=\"marvelous-hover effect-hover effect-lily ratio11 effect-fonts  marvelous_custom_class_8623d9b122a715\">\n        <img src=\"https:\/\/simacsa.ch\/wp-content\/uploads\/2022\/01\/container-640x640.jpg\" alt=\"\"\/>\n    \n    <figcaption>\n      <div class=\"effect-caption\">\n        <div class=\"effect-heading\">\n          <h2>Cointainer u <span>Modulare Strukturen<\/span><\/h2>\n        <\/div>\n\n        <div class=\"effect-description\">\n                    <p class=\"description\">SIMAC ist der exklusive Distributor von CONTAINERS<\/p>\n                  <\/div>\n\n      <\/div>\n    <\/figcaption>\n  <\/figure>\n<\/a>\n<style type=\"text\/css\" data-type=\"vckit-shortcode-css\" data-shortcode=\"marvelous_hover\">.effect-hover.marvelous_custom_class_8623d9b122a715 h2, .effect-hover.marvelous_custom_class_8623d9b122a715 p { color: #ffffff; }.effect-hover.marvelous_custom_class_8623d9b122a715:hover img { opacity: 0.6; }.effect-hover.marvelous_custom_class_8623d9b122a715 { background: #000000; }.effect-hover.marvelous_custom_class_8623d9b122a715:hover { background: #000000; }<\/style><\/div><\/div><\/div><div class=\"wpb_column vc_column_container vc_col-sm-1\/5 thegem-custom-6a007dc1a28ba1953\"><div class=\"vc_column-inner thegem-custom-inner-6a007dc1a28bb\"><div class=\"wpb_wrapper\"><a\n  href=\"https:\/\/simacsa.ch\/de\/autres-produits-pour-le-chantier\/\"\n  class=\"marvelous-link noHover\"\n  >\n  <figure class=\"marvelous-hover effect-hover effect-lily ratio11 effect-fonts  marvelous_custom_class_8623d9b256fc69\">\n        <img src=\"https:\/\/simacsa.ch\/wp-content\/uploads\/2022\/01\/other-products-640x640.jpg\" alt=\"\"\/>\n    \n    <figcaption>\n      <div class=\"effect-caption\">\n        <div class=\"effect-heading\">\n          <h2>Andere Produkte f\u00fcr <span>der Standort<\/span><\/h2>\n        <\/div>\n\n        <div class=\"effect-description\">\n                    <p class=\"description\">SIMAC ist der exklusive Distributor von Baustellenprodukten<\/p>\n                  <\/div>\n\n      <\/div>\n    <\/figcaption>\n  <\/figure>\n<\/a>\n<style type=\"text\/css\" data-type=\"vckit-shortcode-css\" data-shortcode=\"marvelous_hover\">.effect-hover.marvelous_custom_class_8623d9b256fc69 h2, .effect-hover.marvelous_custom_class_8623d9b256fc69 p { color: #ffffff; }.effect-hover.marvelous_custom_class_8623d9b256fc69:hover img { opacity: 0.6; }.effect-hover.marvelous_custom_class_8623d9b256fc69 { background: #000000; }.effect-hover.marvelous_custom_class_8623d9b256fc69:hover { background: #000000; }<\/style><\/div><\/div><\/div><\/div><div class=\"vc_row-full-width vc_clearfix\"><\/div>","protected":false},"excerpt":{"rendered":"","protected":false},"author":1,"featured_media":0,"parent":0,"menu_order":0,"comment_status":"closed","ping_status":"closed","template":"","meta":[],"_links":{"self":[{"href":"https:\/\/simacsa.ch\/de\/wp-json\/wp\/v2\/pages\/32509"}],"collection":[{"href":"https:\/\/simacsa.ch\/de\/wp-json\/wp\/v2\/pages"}],"about":[{"href":"https:\/\/simacsa.ch\/de\/wp-json\/wp\/v2\/types\/page"}],"author":[{"embeddable":true,"href":"https:\/\/simacsa.ch\/de\/wp-json\/wp\/v2\/users\/1"}],"replies":[{"embeddable":true,"href":"https:\/\/simacsa.ch\/de\/wp-json\/wp\/v2\/comments?post=32509"}],"version-history":[{"count":22,"href":"https:\/\/simacsa.ch\/de\/wp-json\/wp\/v2\/pages\/32509\/revisions"}],"predecessor-version":[{"id":32739,"href":"https:\/\/simacsa.ch\/de\/wp-json\/wp\/v2\/pages\/32509\/revisions\/32739"}],"wp:attachment":[{"href":"https:\/\/simacsa.ch\/de\/wp-json\/wp\/v2\/media?parent=32509"}],"curies":[{"name":"wp","href":"https:\/\/api.w.org\/{rel}","templated":true}]}}