{"id":10,"date":"2019-01-23T12:47:24","date_gmt":"2019-01-23T12:47:24","guid":{"rendered":"http:\/\/democontent.codex-themes.com\/sites\/agency-light\/?page_id=10"},"modified":"2022-03-25T12:47:07","modified_gmt":"2022-03-25T11:47:07","slug":"home","status":"publish","type":"page","link":"https:\/\/simacsa.ch\/de\/","title":{"rendered":"Heim"},"content":{"rendered":"<div id=\"vc_row-69e5df6e8fb84\" class=\"vc_row wpb_row vc_row-fluid thegem-custom-69e5df6e8fb442709\"><div class=\"wpb_column vc_column_container vc_col-sm-12 thegem-custom-69e5df6e8feb49772\"><div class=\"vc_column-inner thegem-custom-inner-69e5df6e8feb6\"><div class=\"wpb_wrapper\">\n\t\t\t<!-- START Simac_slider_ITA REVOLUTION SLIDER 6.5.6 --><p class=\"rs-p-wp-fix\"><\/p>\n\t\t\t<rs-module-wrap id=\"rev_slider_9_1_wrapper\" data-source=\"gallery\" style=\"visibility:hidden;background:#0c1725;padding:0;margin:0px auto;margin-top:0;margin-bottom:0;\">\n\t\t\t\t<rs-module id=\"rev_slider_9_1\" class=\"rs-respect-topbar\" style=\"\" data-version=\"6.5.6\">\n\t\t\t\t\t<rs-slides>\n\t\t\t\t\t\t<rs-slide style=\"position: absolute;\" data-key=\"rs-11\" data-title=\"Slide\" data-in=\"o:0;\" data-out=\"a:false;\" data-p1=\"Azienda\" data-p2=\"Da oltre 70 anni esportiamo il Made in Italy nel mondo\">\n\t\t\t\t\t\t\t<img src=\"\/\/simacsa.ch\/wp-content\/plugins\/revslider\/public\/assets\/assets\/dummy.png\" title=\"Sipe_marzo_11.jpeg\" width=\"1920\" height=\"1080\" class=\"rev-slidebg tp-rs-img rs-lazyload\" data-lazyload=\"\/\/simacsa.ch\/wp-content\/uploads\/revslider\/video-media\/Sipe_marzo_11.jpeg\" data-no-retina>\n\t\t\t\t\t\t\t<rs-bgvideo \n\t\t\t\t\t\t\t\tdata-video=\"w:100%;h:100%;nse:false;l:true;ptimer:false;vfc:true;\"\n\t\t\t\t\t\t\t\tdata-mp4=\"\/\/simacsa.ch\/wp-content\/uploads\/2022\/03\/Sipe_marzo.mp4\"\n\t\t\t\t\t\t\t><\/rs-bgvideo>\n<!--\n\t\t\t\t\t\t\t--><a\n\t\t\t\t\t\t\t\tid=\"slider-9-slide-11-layer-3\" \n\t\t\t\t\t\t\t\tclass=\"rs-layer\"\n\t\t\t\t\t\t\t\thref=\"https:\/\/simacsa.ch\/de\/service\/\" target=\"_self\" rel=\"nofollow\"\n\t\t\t\t\t\t\t\tdata-type=\"text\"\n\t\t\t\t\t\t\t\tdata-xy=\"xo:1000px;y:m;yo:90px;\"\n\t\t\t\t\t\t\t\tdata-text=\"w:normal;s:13;l:40;ls:1px;fw:700;\"\n\t\t\t\t\t\t\t\tdata-actions='o:click;a:pauseslider;'\n\t\t\t\t\t\t\t\tdata-rsp_o=\"off\"\n\t\t\t\t\t\t\t\tdata-rsp_bd=\"off\"\n\t\t\t\t\t\t\t\tdata-padding=\"r:20;l:20;\"\n\t\t\t\t\t\t\t\tdata-border=\"bos:solid;boc:rgba(0, 183, 177, 0);bow:0,0,1px,0;\"\n\t\t\t\t\t\t\t\tdata-frame_999=\"o:0;st:w;\"\n\t\t\t\t\t\t\t\tdata-frame_hover=\"c:#fff;bgc:#000;boc:rgba(0,183,177,0);bos:solid;bow:0,0,1px,0;gra:30%;bri:100%;\"\n\t\t\t\t\t\t\t\tstyle=\"z-index:10;background-color:#b61219;font-family:'Montserrat';text-transform:uppercase;cursor:pointer;\"\n\t\t\t\t\t\t\t>Unsere Dienstleistungen \n\t\t\t\t\t\t\t<\/a><!--\n\n\t\t\t\t\t\t\t--><rs-layer\n\t\t\t\t\t\t\t\tid=\"slider-9-slide-11-layer-5\" \n\t\t\t\t\t\t\t\tdata-type=\"text\"\n\t\t\t\t\t\t\t\tdata-tsh=\"c:rgba(12,23,37,0.65);v:10px;b:30px;\"\n\t\t\t\t\t\t\t\tdata-xy=\"xo:1000px;y:m;yo:-120px;\"\n\t\t\t\t\t\t\t\tdata-text=\"w:normal;s:40,40,40,30;l:50,40,40,30;fw:700;\"\n\t\t\t\t\t\t\t\tdata-rsp_o=\"off\"\n\t\t\t\t\t\t\t\tdata-rsp_bd=\"off\"\n\t\t\t\t\t\t\t\tdata-frame_999=\"o:0;st:w;\"\n\t\t\t\t\t\t\t\tstyle=\"z-index:12;font-family:'Montserrat';\"\n\t\t\t\t\t\t\t>L\u00d6SUNGEN F\u00dcR DIE WEBSITE \n\t\t\t\t\t\t\t<\/rs-layer><!--\n\n\t\t\t\t\t\t\t--><rs-layer\n\t\t\t\t\t\t\t\tid=\"slider-9-slide-11-layer-6\" \n\t\t\t\t\t\t\t\tdata-type=\"text\"\n\t\t\t\t\t\t\t\tdata-color=\"rgba(255, 255, 255, 0.75)\"\n\t\t\t\t\t\t\t\tdata-xy=\"xo:1000px;y:m;\"\n\t\t\t\t\t\t\t\tdata-text=\"w:normal;s:18,18,18,15;l:28,28,28,22;\"\n\t\t\t\t\t\t\t\tdata-dim=\"w:601px;h:152px;\"\n\t\t\t\t\t\t\t\tdata-rsp_o=\"off\"\n\t\t\t\t\t\t\t\tdata-rsp_bd=\"off\"\n\t\t\t\t\t\t\t\tdata-frame_999=\"o:0;st:w;\"\n\t\t\t\t\t\t\t\tstyle=\"z-index:11;font-family:'Montserrat';\"\n\t\t\t\t\t\t\t>Die Gesellschaft <b>SIMAC<\/b> ist 2019 aus einem Projekt entstanden<br \/>\nZusammenarbeit zwischen dem italienischen Unternehmen<br \/>\nSIPE - Produzent von Betonwerken - und MACCHIMPORT SA, Vertreiber von Baumaterialien im Kanton Tessin \n\t\t\t\t\t\t\t<\/rs-layer><!--\n\n\t\t\t\t\t\t\t--><a\n\t\t\t\t\t\t\t\tid=\"slider-9-slide-11-layer-7\" \n\t\t\t\t\t\t\t\tclass=\"rs-layer\"\n\t\t\t\t\t\t\t\thref=\"https:\/\/simacsa.ch\/de\/#produits\" target=\"_self\" rel=\"nofollow\"\n\t\t\t\t\t\t\t\tdata-type=\"text\"\n\t\t\t\t\t\t\t\tdata-xy=\"xo:1170px;y:m;yo:90px;\"\n\t\t\t\t\t\t\t\tdata-text=\"w:normal;s:13;l:40;ls:1px;fw:700;\"\n\t\t\t\t\t\t\t\tdata-actions='o:click;a:pauseslider;'\n\t\t\t\t\t\t\t\tdata-rsp_o=\"off\"\n\t\t\t\t\t\t\t\tdata-rsp_bd=\"off\"\n\t\t\t\t\t\t\t\tdata-padding=\"r:20;l:20;\"\n\t\t\t\t\t\t\t\tdata-border=\"bos:solid;boc:rgba(0, 183, 177, 0);bow:0,0,1px,0;\"\n\t\t\t\t\t\t\t\tdata-frame_999=\"o:0;st:w;\"\n\t\t\t\t\t\t\t\tdata-frame_hover=\"c:#fff;bgc:#b61219;boc:rgba(0,183,177,0);bos:solid;bow:0,0,1px,0;gra:0%;bri:100%;\"\n\t\t\t\t\t\t\t\tstyle=\"z-index:10;background-color:#000000;font-family:'Montserrat';text-transform:uppercase;cursor:pointer;\"\n\t\t\t\t\t\t\t>Unsere Produkte \n\t\t\t\t\t\t\t<\/a><!--\n-->\t\t\t\t\t\t<\/rs-slide>\n\t\t\t\t\t<\/rs-slides>\n\t\t\t\t<\/rs-module>\n\t\t\t\t<script type=\"text\/javascript\">\n\t\t\t\t\tsetREVStartSize({c: 'rev_slider_9_1',rl:[1240,1024,778,480],el:[800,801,868,807],gw:[1920,1024,778,480],gh:[800,700,868,807],type:'standard',justify:'',layout:'fullwidth',mh:\"0\"});if (window.RS_MODULES!==undefined && window.RS_MODULES.modules!==undefined && window.RS_MODULES.modules[\"revslider91\"]!==undefined) {window.RS_MODULES.modules[\"revslider91\"].once = false;window.revapi9 = undefined;if (window.RS_MODULES.checkMinimal!==undefined) window.RS_MODULES.checkMinimal()}\n\t\t\t\t<\/script>\n\t\t\t<\/rs-module-wrap>\n\t\t\t<!-- END REVOLUTION SLIDER -->\n<\/div><\/div><\/div><\/div><div id=\"vc_row-69e5df6e9372b\" class=\"vc_row wpb_row vc_row-fluid thegem-custom-69e5df6e93723398\"><div class=\"wpb_column vc_column_container vc_col-sm-12 thegem-custom-69e5df6e938b05757\"><div class=\"vc_column-inner thegem-custom-inner-69e5df6e938b2\"><div class=\"wpb_wrapper\"><div class=\"clearboth\"><\/div><div class=\"gem-divider\" style=\"margin-top: 50px;\"><\/div>\r\n\t\r\n\t\t<div class=\"wpb_text_column wpb_content_element\" >\r\n\t\t\t<div class=\"wpb_wrapper\">\r\n\t\t\t\t<div class=\"styled-subtitle\" style=\"text-align: center;\"><strong style=\"color: #dd3333; font-family: 'Open Sans', sans-serif; font-size: 18pt;\">BAUMASCHINEN UND -GER\u00c4TE<\/strong><\/div>\n<div class=\"styled-subtitle\" style=\"text-align: center;\"><strong style=\"color: #dd3333; font-family: 'Open Sans', sans-serif; font-size: 18pt;\"> VERKAUF, VERMIETUNG UND SERVICE<\/strong><span style=\"color: red; font-family: 'Open Sans', sans-serif; font-size: 18pt;\"><br \/>\n<\/span><\/div>\n<div>\n<p class=\"MsoNormal\">\n<\/div>\n\r\n\t\t\t<\/div>\r\n\t\t<\/div>\r\n\t\r\n\r\n\t\r\n\t<div  class=\"wpb_single_image wpb_content_element vc_align_center\" >\r\n\t\t\r\n\t\t<figure class=\"wpb_wrapper vc_figure\">\r\n\t\t\t<div class=\"vc_single_image-wrapper   vc_box_border_grey\"><img width=\"1807\" height=\"497\" src=\"https:\/\/simacsa.ch\/wp-content\/uploads\/2022\/02\/skyline-simac.jpg\" class=\"vc_single_image-img attachment-full\" alt=\"\" srcset=\"https:\/\/simacsa.ch\/wp-content\/uploads\/2022\/02\/skyline-simac.jpg 1807w, https:\/\/simacsa.ch\/wp-content\/uploads\/2022\/02\/skyline-simac-300x83.jpg 300w, https:\/\/simacsa.ch\/wp-content\/uploads\/2022\/02\/skyline-simac-1024x282.jpg 1024w, https:\/\/simacsa.ch\/wp-content\/uploads\/2022\/02\/skyline-simac-768x211.jpg 768w, https:\/\/simacsa.ch\/wp-content\/uploads\/2022\/02\/skyline-simac-1536x422.jpg 1536w\" sizes=\"(max-width: 1807px) 100vw, 1807px\" \/><\/div>\r\n\t\t<\/figure>\r\n\t<\/div>\r\n\t\r\n\r\n\t\r\n\t<div  class=\"wpb_single_image wpb_content_element vc_align_center\" >\r\n\t\t\r\n\t\t<figure class=\"wpb_wrapper vc_figure\">\r\n\t\t\t<div class=\"vc_single_image-wrapper   vc_box_border_grey\"><img class=\"vc_single_image-img\" src=\"https:\/\/simacsa.ch\/wp-content\/uploads\/2022\/02\/motto-simac-675x180.jpg\" width=\"675\" height=\"180\" alt=\"motto simac\" title=\"Motto simak\" \/><\/div>\r\n\t\t<\/figure>\r\n\t<\/div>\r\n\t\r\n<div class=\"clearboth\"><\/div><div class=\"gem-divider\" style=\"margin-top: 50px;\"><\/div><\/div><\/div><\/div><\/div><div id=\"vc_row-69e5df6e947ca\" class=\"vc_row wpb_row vc_row-fluid thegem-custom-69e5df6e947c54718\"><div class=\"wpb_column vc_column_container vc_col-sm-6 thegem-custom-69e5df6e9493e4746\"><div class=\"vc_column-inner thegem-custom-inner-69e5df6e9493f\"><div class=\"wpb_wrapper\">\r\n\t\r\n\t\t<div class=\"wpb_text_column wpb_content_element\" >\r\n\t\t\t<div class=\"wpb_wrapper\">\r\n\t\t\t\t<p>SIMAC entstand 2019 aus einem Kooperationsprojekt zwischen dem italienischen Unternehmen SIPE \u2013 Hersteller von Betonwerken \u2013 und MACCHIMPORT SA, Vertreiber von Baumaterialien im Kanton Tessin. Ziel war es, die Pr\u00e4senz von SIPE-Produkten in den Gebieten der Romandie und der Deutschschweiz zu festigen sowie Maschinen und Baustelleneinrichtungen zu f\u00f6rdern.<\/p>\n\r\n\t\t\t<\/div>\r\n\t\t<\/div>\r\n\t\r\n<\/div><\/div><\/div><div class=\"wpb_column vc_column_container vc_col-sm-6 thegem-custom-69e5df6e94b793298\"><div class=\"vc_column-inner thegem-custom-inner-69e5df6e94b7a\"><div class=\"wpb_wrapper\">\r\n\t\r\n\t\t<div class=\"wpb_text_column wpb_content_element\" >\r\n\t\t\t<div class=\"wpb_wrapper\">\r\n\t\t\t\t<p>Die T\u00e4tigkeit von SIMAC profitiert von der Zusammenarbeit seiner Mitarbeiter mit drei\u00dfigj\u00e4hriger Erfahrung auf dem Schweizer Markt. Das Ziel und die Philosophie von SIMAC ist es, L\u00f6sungen f\u00fcr jedes Problem anzubieten, das auf einer Baustelle auftreten kann.<\/p>\n\r\n\t\t\t<\/div>\r\n\t\t<\/div>\r\n\t\r\n<\/div><\/div><\/div><\/div><div class=\"vc_row-full-width-before\"><\/div><div id=\"produits\" data-vc-full-width=\"true\" data-vc-full-width-init=\"false\" data-vc-stretch-content=\"true\" class=\"vc_row wpb_row vc_row-fluid box-shadow vc_custom_1648208321274 thegem-custom-69e5df6e94d907942 vc_row-no-padding\"><script type=\"text\/javascript\">if (typeof(gem_fix_fullwidth_position) == \"function\") { gem_fix_fullwidth_position(document.getElementById(\"produits\")); }<\/script><div class=\"box-shadow wpb_column vc_column_container vc_col-sm-4 thegem-custom-69e5df6e94ee5226\"><div class=\"vc_column-inner thegem-custom-inner-69e5df6e94ee6\"><div class=\"wpb_wrapper\"><a\n  href=\"https:\/\/simacsa.ch\/de\/centrales-a-beton\/\"\n  class=\"marvelous-link noHover\"\n  >\n  <figure class=\"marvelous-hover effect-hover effect-lily ratio169 effect-fonts  marvelous_custom_class_10623da729b706b\">\n        <img src=\"https:\/\/simacsa.ch\/wp-content\/uploads\/2021\/12\/slider-vertical.jpg\" alt=\"\"\/>\n    \n    <figcaption>\n      <div class=\"effect-caption\">\n        <div class=\"effect-heading\">\n          <h2>Pflanzen bei <span>Beton<\/span><\/h2>\n        <\/div>\n\n        <div class=\"effect-description\">\n                    <p class=\"description\">SIMAC ist der exklusive Distributor von CONCRETE PLANTS<\/p>\n                  <\/div>\n\n      <\/div>\n    <\/figcaption>\n  <\/figure>\n<\/a>\n<style type=\"text\/css\" data-type=\"vckit-shortcode-css\" data-shortcode=\"marvelous_hover\">.effect-hover.marvelous_custom_class_10623da729b706b h2, .effect-hover.marvelous_custom_class_10623da729b706b p { color: #ffffff; }.effect-hover.marvelous_custom_class_10623da729b706b:hover img { opacity: 0.6; }.effect-hover.marvelous_custom_class_10623da729b706b { background: #000000; }.effect-hover.marvelous_custom_class_10623da729b706b:hover { background: #000000; }<\/style><a\n  href=\"https:\/\/simacsa.ch\/de\/grues-de-chantier\/\"\n  class=\"marvelous-link noHover\"\n  >\n  <figure class=\"marvelous-hover effect-hover effect-lily ratio169 effect-fonts  marvelous_custom_class_9623dab905552b\">\n        <img src=\"https:\/\/simacsa.ch\/wp-content\/uploads\/2022\/01\/grue.jpg\" alt=\"\"\/>\n    \n    <figcaption>\n      <div class=\"effect-caption\">\n        <div class=\"effect-heading\">\n          <h2>Kr\u00e4ne von <span>Baustelle<\/span><\/h2>\n        <\/div>\n\n        <div class=\"effect-description\">\n                    <p class=\"description\">SIMAC ist der exklusive Distributor von CONSTRUCTION CRANES<\/p>\n                  <\/div>\n\n      <\/div>\n    <\/figcaption>\n  <\/figure>\n<\/a>\n<style type=\"text\/css\" data-type=\"vckit-shortcode-css\" data-shortcode=\"marvelous_hover\">.effect-hover.marvelous_custom_class_9623dab905552b h2, .effect-hover.marvelous_custom_class_9623dab905552b p { color: #ffffff; }.effect-hover.marvelous_custom_class_9623dab905552b:hover img { opacity: 0.6; }.effect-hover.marvelous_custom_class_9623dab905552b { background: #000000; }.effect-hover.marvelous_custom_class_9623dab905552b:hover { background: #000000; }<\/style><\/div><\/div><\/div><div class=\"box-shadow wpb_column vc_column_container vc_col-sm-4 thegem-custom-69e5df6e956474825\"><div class=\"vc_column-inner thegem-custom-inner-69e5df6e95649\"><div class=\"wpb_wrapper\"><a\n  href=\"https:\/\/simacsa.ch\/de\/pompes-a-beton\/\"\n  class=\"marvelous-link noHover\"\n  >\n  <figure class=\"marvelous-hover effect-hover effect-lily ratio169 effect-fonts  marvelous_custom_class_8623da73077d34\">\n        <img src=\"https:\/\/simacsa.ch\/wp-content\/uploads\/2021\/12\/turbosol-concrete-2019_1-1.jpg\" alt=\"\"\/>\n    \n    <figcaption>\n      <div class=\"effect-caption\">\n        <div class=\"effect-heading\">\n          <h2>Pumps <span>Beton<\/span><\/h2>\n        <\/div>\n\n        <div class=\"effect-description\">\n                    <p class=\"description\">SIMAC ist der exklusive Distributor von CONCRETE PUMPS<\/p>\n                  <\/div>\n\n      <\/div>\n    <\/figcaption>\n  <\/figure>\n<\/a>\n<style type=\"text\/css\" data-type=\"vckit-shortcode-css\" data-shortcode=\"marvelous_hover\">.effect-hover.marvelous_custom_class_8623da73077d34 h2, .effect-hover.marvelous_custom_class_8623da73077d34 p { color: #ffffff; }.effect-hover.marvelous_custom_class_8623da73077d34:hover img { opacity: 0.6; }.effect-hover.marvelous_custom_class_8623da73077d34 { background: #000000; }.effect-hover.marvelous_custom_class_8623da73077d34:hover { background: #000000; }<\/style><a\n  href=\"https:\/\/simacsa.ch\/de\/cointainers-et-structures-modulaires\/\"\n  class=\"marvelous-link noHover\"\n  >\n  <figure class=\"marvelous-hover effect-hover effect-lily ratio169 effect-fonts  marvelous_custom_class_9623dab9b75e7f\">\n        <img src=\"https:\/\/simacsa.ch\/wp-content\/uploads\/2022\/01\/container.jpg\" alt=\"\"\/>\n    \n    <figcaption>\n      <div class=\"effect-caption\">\n        <div class=\"effect-heading\">\n          <h2>Cointainer u <span>Modulare Strukturen<\/span><\/h2>\n        <\/div>\n\n        <div class=\"effect-description\">\n                    <p class=\"description\">SIMAC ist der exklusive Distributor von CONTAINERS<\/p>\n                  <\/div>\n\n      <\/div>\n    <\/figcaption>\n  <\/figure>\n<\/a>\n<style type=\"text\/css\" data-type=\"vckit-shortcode-css\" data-shortcode=\"marvelous_hover\">.effect-hover.marvelous_custom_class_9623dab9b75e7f h2, .effect-hover.marvelous_custom_class_9623dab9b75e7f p { color: #ffffff; }.effect-hover.marvelous_custom_class_9623dab9b75e7f:hover img { opacity: 0.6; }.effect-hover.marvelous_custom_class_9623dab9b75e7f { background: #000000; }.effect-hover.marvelous_custom_class_9623dab9b75e7f:hover { background: #000000; }<\/style><\/div><\/div><\/div><div class=\"wpb_column vc_column_container vc_col-sm-4 thegem-custom-69e5df6e95c796986\"><div class=\"vc_column-inner thegem-custom-inner-69e5df6e95c7a\"><div class=\"wpb_wrapper\"><a\n  href=\"https:\/\/simacsa.ch\/de\/coffrages-metallique\/\"\n  class=\"marvelous-link noHover\"\n  >\n  <figure class=\"marvelous-hover effect-hover effect-lily ratio169 effect-fonts  marvelous_custom_class_8623da73493142\">\n        <img src=\"https:\/\/simacsa.ch\/wp-content\/uploads\/2021\/12\/4-32.jpg\" alt=\"\"\/>\n    \n    <figcaption>\n      <div class=\"effect-caption\">\n        <div class=\"effect-heading\">\n          <h2>Schalung <span>metallisch<\/span><\/h2>\n        <\/div>\n\n        <div class=\"effect-description\">\n                    <p class=\"description\">SIMAC ist der exklusive Distributor von FORMWORK<\/p>\n                  <\/div>\n\n      <\/div>\n    <\/figcaption>\n  <\/figure>\n<\/a>\n<style type=\"text\/css\" data-type=\"vckit-shortcode-css\" data-shortcode=\"marvelous_hover\">.effect-hover.marvelous_custom_class_8623da73493142 h2, .effect-hover.marvelous_custom_class_8623da73493142 p { color: #ffffff; }.effect-hover.marvelous_custom_class_8623da73493142:hover img { opacity: 0.6; }.effect-hover.marvelous_custom_class_8623da73493142 { background: #000000; }.effect-hover.marvelous_custom_class_8623da73493142:hover { background: #000000; }<\/style><a\n  href=\"https:\/\/simacsa.ch\/de\/autres-produits-pour-le-chantier\/\"\n  class=\"marvelous-link noHover\"\n  >\n  <figure class=\"marvelous-hover effect-hover effect-lily ratio169 effect-fonts  marvelous_custom_class_9623dabab2f1d5\">\n        <img src=\"https:\/\/simacsa.ch\/wp-content\/uploads\/2022\/01\/other-products.jpg\" alt=\"\"\/>\n    \n    <figcaption>\n      <div class=\"effect-caption\">\n        <div class=\"effect-heading\">\n          <h2>Andere Produkte f\u00fcr <span>der Standort<\/span><\/h2>\n        <\/div>\n\n        <div class=\"effect-description\">\n                    <p class=\"description\">SIMAC ist der exklusive Distributor von Baustellenprodukten<\/p>\n                  <\/div>\n\n      <\/div>\n    <\/figcaption>\n  <\/figure>\n<\/a>\n<style type=\"text\/css\" data-type=\"vckit-shortcode-css\" data-shortcode=\"marvelous_hover\">.effect-hover.marvelous_custom_class_9623dabab2f1d5 h2, .effect-hover.marvelous_custom_class_9623dabab2f1d5 p { color: #ffffff; }.effect-hover.marvelous_custom_class_9623dabab2f1d5:hover img { opacity: 0.6; }.effect-hover.marvelous_custom_class_9623dabab2f1d5 { background: #000000; }.effect-hover.marvelous_custom_class_9623dabab2f1d5:hover { background: #000000; }<\/style><\/div><\/div><\/div><\/div><div class=\"vc_row-full-width vc_clearfix\"><\/div>","protected":false},"excerpt":{"rendered":"","protected":false},"author":1,"featured_media":0,"parent":0,"menu_order":0,"comment_status":"closed","ping_status":"closed","template":"","meta":[],"_links":{"self":[{"href":"https:\/\/simacsa.ch\/de\/wp-json\/wp\/v2\/pages\/10"}],"collection":[{"href":"https:\/\/simacsa.ch\/de\/wp-json\/wp\/v2\/pages"}],"about":[{"href":"https:\/\/simacsa.ch\/de\/wp-json\/wp\/v2\/types\/page"}],"author":[{"embeddable":true,"href":"https:\/\/simacsa.ch\/de\/wp-json\/wp\/v2\/users\/1"}],"replies":[{"embeddable":true,"href":"https:\/\/simacsa.ch\/de\/wp-json\/wp\/v2\/comments?post=10"}],"version-history":[{"count":51,"href":"https:\/\/simacsa.ch\/de\/wp-json\/wp\/v2\/pages\/10\/revisions"}],"predecessor-version":[{"id":32774,"href":"https:\/\/simacsa.ch\/de\/wp-json\/wp\/v2\/pages\/10\/revisions\/32774"}],"wp:attachment":[{"href":"https:\/\/simacsa.ch\/de\/wp-json\/wp\/v2\/media?parent=10"}],"curies":[{"name":"wp","href":"https:\/\/api.w.org\/{rel}","templated":true}]}}